{"id":536,"date":"2019-12-22T09:21:41","date_gmt":"2019-12-22T09:21:41","guid":{"rendered":"http:\/\/mgv-grosslangheim.de\/?page_id=536"},"modified":"2024-02-11T12:07:50","modified_gmt":"2024-02-11T12:07:50","slug":"galerie","status":"publish","type":"page","link":"https:\/\/mgv-grosslangheim.de\/?page_id=536","title":{"rendered":"Fotos"},"content":{"rendered":"\n<p>111 Jahre Feier am See &#8211; IMPULS<\/p>\n\n\n\n<figure class=\"wp-block-gallery has-nested-images columns-default is-cropped wp-block-gallery-1 is-layout-flex wp-block-gallery-is-layout-flex\">\n<figure class=\"wp-block-image size-large\"><img loading=\"lazy\" decoding=\"async\" width=\"1024\" height=\"683\" data-id=\"950\" src=\"https:\/\/mgv-grosslangheim.de\/wp-content\/uploads\/2023\/07\/DSC_9482-1024x683.jpg\" alt=\"\" class=\"wp-image-950\" srcset=\"https:\/\/mgv-grosslangheim.de\/wp-content\/uploads\/2023\/07\/DSC_9482-1024x683.jpg 1024w, https:\/\/mgv-grosslangheim.de\/wp-content\/uploads\/2023\/07\/DSC_9482-300x200.jpg 300w, https:\/\/mgv-grosslangheim.de\/wp-content\/uploads\/2023\/07\/DSC_9482-768x512.jpg 768w, https:\/\/mgv-grosslangheim.de\/wp-content\/uploads\/2023\/07\/DSC_9482-1536x1024.jpg 1536w, https:\/\/mgv-grosslangheim.de\/wp-content\/uploads\/2023\/07\/DSC_9482-2048x1365.jpg 2048w\" sizes=\"auto, (max-width: 1024px) 100vw, 1024px\" \/><\/figure>\n\n\n\n<figure class=\"wp-block-image size-large\"><img loading=\"lazy\" decoding=\"async\" width=\"1024\" height=\"683\" data-id=\"942\" src=\"https:\/\/mgv-grosslangheim.de\/wp-content\/uploads\/2023\/07\/DSC_9490-1024x683.jpg\" alt=\"\" class=\"wp-image-942\" srcset=\"https:\/\/mgv-grosslangheim.de\/wp-content\/uploads\/2023\/07\/DSC_9490-1024x683.jpg 1024w, https:\/\/mgv-grosslangheim.de\/wp-content\/uploads\/2023\/07\/DSC_9490-300x200.jpg 300w, https:\/\/mgv-grosslangheim.de\/wp-content\/uploads\/2023\/07\/DSC_9490-768x512.jpg 768w, https:\/\/mgv-grosslangheim.de\/wp-content\/uploads\/2023\/07\/DSC_9490-1536x1024.jpg 1536w, https:\/\/mgv-grosslangheim.de\/wp-content\/uploads\/2023\/07\/DSC_9490-2048x1365.jpg 2048w\" sizes=\"auto, (max-width: 1024px) 100vw, 1024px\" \/><\/figure>\n\n\n\n<figure class=\"wp-block-image size-large\"><img loading=\"lazy\" decoding=\"async\" width=\"1024\" height=\"683\" data-id=\"949\" src=\"https:\/\/mgv-grosslangheim.de\/wp-content\/uploads\/2023\/07\/DSC_9495-1024x683.jpg\" alt=\"\" class=\"wp-image-949\" srcset=\"https:\/\/mgv-grosslangheim.de\/wp-content\/uploads\/2023\/07\/DSC_9495-1024x683.jpg 1024w, https:\/\/mgv-grosslangheim.de\/wp-content\/uploads\/2023\/07\/DSC_9495-300x200.jpg 300w, https:\/\/mgv-grosslangheim.de\/wp-content\/uploads\/2023\/07\/DSC_9495-768x512.jpg 768w, https:\/\/mgv-grosslangheim.de\/wp-content\/uploads\/2023\/07\/DSC_9495-1536x1024.jpg 1536w, https:\/\/mgv-grosslangheim.de\/wp-content\/uploads\/2023\/07\/DSC_9495-2048x1365.jpg 2048w\" sizes=\"auto, (max-width: 1024px) 100vw, 1024px\" \/><\/figure>\n\n\n\n<figure class=\"wp-block-image size-large\"><img loading=\"lazy\" decoding=\"async\" width=\"1024\" height=\"683\" data-id=\"948\" src=\"https:\/\/mgv-grosslangheim.de\/wp-content\/uploads\/2023\/07\/DSC_9496-1024x683.jpg\" alt=\"\" class=\"wp-image-948\" srcset=\"https:\/\/mgv-grosslangheim.de\/wp-content\/uploads\/2023\/07\/DSC_9496-1024x683.jpg 1024w, https:\/\/mgv-grosslangheim.de\/wp-content\/uploads\/2023\/07\/DSC_9496-300x200.jpg 300w, https:\/\/mgv-grosslangheim.de\/wp-content\/uploads\/2023\/07\/DSC_9496-768x512.jpg 768w, https:\/\/mgv-grosslangheim.de\/wp-content\/uploads\/2023\/07\/DSC_9496-1536x1024.jpg 1536w, https:\/\/mgv-grosslangheim.de\/wp-content\/uploads\/2023\/07\/DSC_9496-2048x1365.jpg 2048w\" sizes=\"auto, (max-width: 1024px) 100vw, 1024px\" \/><\/figure>\n\n\n\n<figure class=\"wp-block-image size-large\"><img loading=\"lazy\" decoding=\"async\" width=\"1024\" height=\"683\" data-id=\"947\" src=\"https:\/\/mgv-grosslangheim.de\/wp-content\/uploads\/2023\/07\/DSC_9557-1024x683.jpg\" alt=\"\" class=\"wp-image-947\" srcset=\"https:\/\/mgv-grosslangheim.de\/wp-content\/uploads\/2023\/07\/DSC_9557-1024x683.jpg 1024w, https:\/\/mgv-grosslangheim.de\/wp-content\/uploads\/2023\/07\/DSC_9557-300x200.jpg 300w, https:\/\/mgv-grosslangheim.de\/wp-content\/uploads\/2023\/07\/DSC_9557-768x512.jpg 768w, https:\/\/mgv-grosslangheim.de\/wp-content\/uploads\/2023\/07\/DSC_9557-1536x1024.jpg 1536w, https:\/\/mgv-grosslangheim.de\/wp-content\/uploads\/2023\/07\/DSC_9557-2048x1365.jpg 2048w\" sizes=\"auto, (max-width: 1024px) 100vw, 1024px\" \/><\/figure>\n\n\n\n<figure class=\"wp-block-image size-large\"><img loading=\"lazy\" decoding=\"async\" width=\"1024\" height=\"683\" data-id=\"943\" src=\"https:\/\/mgv-grosslangheim.de\/wp-content\/uploads\/2023\/07\/DSC_9508-1024x683.jpg\" alt=\"\" class=\"wp-image-943\" srcset=\"https:\/\/mgv-grosslangheim.de\/wp-content\/uploads\/2023\/07\/DSC_9508-1024x683.jpg 1024w, https:\/\/mgv-grosslangheim.de\/wp-content\/uploads\/2023\/07\/DSC_9508-300x200.jpg 300w, https:\/\/mgv-grosslangheim.de\/wp-content\/uploads\/2023\/07\/DSC_9508-768x512.jpg 768w, https:\/\/mgv-grosslangheim.de\/wp-content\/uploads\/2023\/07\/DSC_9508-1536x1024.jpg 1536w, https:\/\/mgv-grosslangheim.de\/wp-content\/uploads\/2023\/07\/DSC_9508-2048x1365.jpg 2048w\" sizes=\"auto, (max-width: 1024px) 100vw, 1024px\" \/><\/figure>\n\n\n\n<figure class=\"wp-block-image size-large\"><img loading=\"lazy\" decoding=\"async\" width=\"1024\" height=\"683\" data-id=\"946\" src=\"https:\/\/mgv-grosslangheim.de\/wp-content\/uploads\/2023\/07\/DSC_9551-1024x683.jpg\" alt=\"\" class=\"wp-image-946\" srcset=\"https:\/\/mgv-grosslangheim.de\/wp-content\/uploads\/2023\/07\/DSC_9551-1024x683.jpg 1024w, https:\/\/mgv-grosslangheim.de\/wp-content\/uploads\/2023\/07\/DSC_9551-300x200.jpg 300w, https:\/\/mgv-grosslangheim.de\/wp-content\/uploads\/2023\/07\/DSC_9551-768x512.jpg 768w, https:\/\/mgv-grosslangheim.de\/wp-content\/uploads\/2023\/07\/DSC_9551-1536x1024.jpg 1536w, https:\/\/mgv-grosslangheim.de\/wp-content\/uploads\/2023\/07\/DSC_9551-2048x1365.jpg 2048w\" sizes=\"auto, (max-width: 1024px) 100vw, 1024px\" \/><\/figure>\n\n\n\n<figure class=\"wp-block-image size-large\"><img loading=\"lazy\" decoding=\"async\" width=\"1024\" height=\"404\" data-id=\"944\" src=\"https:\/\/mgv-grosslangheim.de\/wp-content\/uploads\/2023\/07\/GruppenfotoSee25Juni2023-1-1024x404.jpg\" alt=\"\" class=\"wp-image-944\" srcset=\"https:\/\/mgv-grosslangheim.de\/wp-content\/uploads\/2023\/07\/GruppenfotoSee25Juni2023-1-1024x404.jpg 1024w, https:\/\/mgv-grosslangheim.de\/wp-content\/uploads\/2023\/07\/GruppenfotoSee25Juni2023-1-300x118.jpg 300w, https:\/\/mgv-grosslangheim.de\/wp-content\/uploads\/2023\/07\/GruppenfotoSee25Juni2023-1-768x303.jpg 768w, https:\/\/mgv-grosslangheim.de\/wp-content\/uploads\/2023\/07\/GruppenfotoSee25Juni2023-1-1536x606.jpg 1536w, https:\/\/mgv-grosslangheim.de\/wp-content\/uploads\/2023\/07\/GruppenfotoSee25Juni2023-1-2048x808.jpg 2048w\" sizes=\"auto, (max-width: 1024px) 100vw, 1024px\" \/><\/figure>\n\n\n\n<figure class=\"wp-block-image size-large\"><img loading=\"lazy\" decoding=\"async\" width=\"1024\" height=\"683\" data-id=\"945\" src=\"https:\/\/mgv-grosslangheim.de\/wp-content\/uploads\/2023\/07\/DSC_9528-1024x683.jpg\" alt=\"\" class=\"wp-image-945\" srcset=\"https:\/\/mgv-grosslangheim.de\/wp-content\/uploads\/2023\/07\/DSC_9528-1024x683.jpg 1024w, https:\/\/mgv-grosslangheim.de\/wp-content\/uploads\/2023\/07\/DSC_9528-300x200.jpg 300w, https:\/\/mgv-grosslangheim.de\/wp-content\/uploads\/2023\/07\/DSC_9528-768x512.jpg 768w, https:\/\/mgv-grosslangheim.de\/wp-content\/uploads\/2023\/07\/DSC_9528-1536x1024.jpg 1536w, https:\/\/mgv-grosslangheim.de\/wp-content\/uploads\/2023\/07\/DSC_9528-2048x1365.jpg 2048w\" sizes=\"auto, (max-width: 1024px) 100vw, 1024px\" \/><\/figure>\n\n\n\n<figure class=\"wp-block-image size-large\"><img loading=\"lazy\" decoding=\"async\" width=\"1024\" height=\"683\" data-id=\"941\" src=\"https:\/\/mgv-grosslangheim.de\/wp-content\/uploads\/2023\/07\/DSC_9488-1024x683.jpg\" alt=\"\" class=\"wp-image-941\" srcset=\"https:\/\/mgv-grosslangheim.de\/wp-content\/uploads\/2023\/07\/DSC_9488-1024x683.jpg 1024w, https:\/\/mgv-grosslangheim.de\/wp-content\/uploads\/2023\/07\/DSC_9488-300x200.jpg 300w, https:\/\/mgv-grosslangheim.de\/wp-content\/uploads\/2023\/07\/DSC_9488-768x512.jpg 768w, https:\/\/mgv-grosslangheim.de\/wp-content\/uploads\/2023\/07\/DSC_9488-1536x1024.jpg 1536w, https:\/\/mgv-grosslangheim.de\/wp-content\/uploads\/2023\/07\/DSC_9488-2048x1365.jpg 2048w\" sizes=\"auto, (max-width: 1024px) 100vw, 1024px\" \/><\/figure>\n<\/figure>\n\n\n\n<p>Serenade am See, Juli 2022<\/p>\n\n\n\n<figure class=\"wp-block-gallery has-nested-images columns-default is-cropped wp-block-gallery-2 is-layout-flex wp-block-gallery-is-layout-flex\">\n<figure class=\"wp-block-image size-large\"><img loading=\"lazy\" decoding=\"async\" width=\"1024\" height=\"683\" data-id=\"861\" src=\"https:\/\/mgv-grosslangheim.de\/wp-content\/uploads\/2022\/07\/0K6A9604-1024x683.jpg\" alt=\"\" class=\"wp-image-861\" srcset=\"https:\/\/mgv-grosslangheim.de\/wp-content\/uploads\/2022\/07\/0K6A9604-1024x683.jpg 1024w, https:\/\/mgv-grosslangheim.de\/wp-content\/uploads\/2022\/07\/0K6A9604-300x200.jpg 300w, https:\/\/mgv-grosslangheim.de\/wp-content\/uploads\/2022\/07\/0K6A9604-768x512.jpg 768w, https:\/\/mgv-grosslangheim.de\/wp-content\/uploads\/2022\/07\/0K6A9604-1536x1024.jpg 1536w, https:\/\/mgv-grosslangheim.de\/wp-content\/uploads\/2022\/07\/0K6A9604-2048x1365.jpg 2048w\" sizes=\"auto, (max-width: 1024px) 100vw, 1024px\" \/><\/figure>\n\n\n\n<figure class=\"wp-block-image size-large\"><img loading=\"lazy\" decoding=\"async\" width=\"1024\" height=\"683\" data-id=\"859\" src=\"https:\/\/mgv-grosslangheim.de\/wp-content\/uploads\/2022\/07\/0K6A9617-1-1024x683.jpg\" alt=\"\" class=\"wp-image-859\" srcset=\"https:\/\/mgv-grosslangheim.de\/wp-content\/uploads\/2022\/07\/0K6A9617-1-1024x683.jpg 1024w, https:\/\/mgv-grosslangheim.de\/wp-content\/uploads\/2022\/07\/0K6A9617-1-300x200.jpg 300w, https:\/\/mgv-grosslangheim.de\/wp-content\/uploads\/2022\/07\/0K6A9617-1-768x512.jpg 768w, https:\/\/mgv-grosslangheim.de\/wp-content\/uploads\/2022\/07\/0K6A9617-1-1536x1024.jpg 1536w, https:\/\/mgv-grosslangheim.de\/wp-content\/uploads\/2022\/07\/0K6A9617-1-2048x1365.jpg 2048w\" sizes=\"auto, (max-width: 1024px) 100vw, 1024px\" \/><\/figure>\n\n\n\n<figure class=\"wp-block-image size-large\"><img loading=\"lazy\" decoding=\"async\" width=\"1024\" height=\"683\" data-id=\"862\" src=\"https:\/\/mgv-grosslangheim.de\/wp-content\/uploads\/2022\/07\/0K6A9618-1024x683.jpg\" alt=\"\" class=\"wp-image-862\" srcset=\"https:\/\/mgv-grosslangheim.de\/wp-content\/uploads\/2022\/07\/0K6A9618-1024x683.jpg 1024w, https:\/\/mgv-grosslangheim.de\/wp-content\/uploads\/2022\/07\/0K6A9618-300x200.jpg 300w, https:\/\/mgv-grosslangheim.de\/wp-content\/uploads\/2022\/07\/0K6A9618-768x512.jpg 768w, https:\/\/mgv-grosslangheim.de\/wp-content\/uploads\/2022\/07\/0K6A9618-1536x1024.jpg 1536w, https:\/\/mgv-grosslangheim.de\/wp-content\/uploads\/2022\/07\/0K6A9618-2048x1365.jpg 2048w\" sizes=\"auto, (max-width: 1024px) 100vw, 1024px\" \/><\/figure>\n\n\n\n<figure class=\"wp-block-image size-large\"><img loading=\"lazy\" decoding=\"async\" width=\"1024\" height=\"683\" data-id=\"860\" src=\"https:\/\/mgv-grosslangheim.de\/wp-content\/uploads\/2022\/07\/0K6A9650-1024x683.jpg\" alt=\"\" class=\"wp-image-860\" srcset=\"https:\/\/mgv-grosslangheim.de\/wp-content\/uploads\/2022\/07\/0K6A9650-1024x683.jpg 1024w, https:\/\/mgv-grosslangheim.de\/wp-content\/uploads\/2022\/07\/0K6A9650-300x200.jpg 300w, https:\/\/mgv-grosslangheim.de\/wp-content\/uploads\/2022\/07\/0K6A9650-768x512.jpg 768w, https:\/\/mgv-grosslangheim.de\/wp-content\/uploads\/2022\/07\/0K6A9650-1536x1024.jpg 1536w, https:\/\/mgv-grosslangheim.de\/wp-content\/uploads\/2022\/07\/0K6A9650-2048x1365.jpg 2048w\" sizes=\"auto, (max-width: 1024px) 100vw, 1024px\" \/><\/figure>\n\n\n\n<figure class=\"wp-block-image size-large\"><img loading=\"lazy\" decoding=\"async\" width=\"1024\" height=\"683\" data-id=\"857\" src=\"https:\/\/mgv-grosslangheim.de\/wp-content\/uploads\/2022\/07\/DSC_7795-1024x683.jpg\" alt=\"\" class=\"wp-image-857\" srcset=\"https:\/\/mgv-grosslangheim.de\/wp-content\/uploads\/2022\/07\/DSC_7795-1024x683.jpg 1024w, https:\/\/mgv-grosslangheim.de\/wp-content\/uploads\/2022\/07\/DSC_7795-300x200.jpg 300w, https:\/\/mgv-grosslangheim.de\/wp-content\/uploads\/2022\/07\/DSC_7795-768x512.jpg 768w, https:\/\/mgv-grosslangheim.de\/wp-content\/uploads\/2022\/07\/DSC_7795-1536x1024.jpg 1536w, https:\/\/mgv-grosslangheim.de\/wp-content\/uploads\/2022\/07\/DSC_7795-2048x1365.jpg 2048w\" sizes=\"auto, (max-width: 1024px) 100vw, 1024px\" \/><\/figure>\n\n\n\n<figure class=\"wp-block-image size-large\"><img loading=\"lazy\" decoding=\"async\" width=\"1024\" height=\"683\" data-id=\"858\" src=\"https:\/\/mgv-grosslangheim.de\/wp-content\/uploads\/2022\/07\/DSC_7799-1024x683.jpg\" alt=\"\" class=\"wp-image-858\" srcset=\"https:\/\/mgv-grosslangheim.de\/wp-content\/uploads\/2022\/07\/DSC_7799-1024x683.jpg 1024w, https:\/\/mgv-grosslangheim.de\/wp-content\/uploads\/2022\/07\/DSC_7799-300x200.jpg 300w, https:\/\/mgv-grosslangheim.de\/wp-content\/uploads\/2022\/07\/DSC_7799-768x512.jpg 768w, https:\/\/mgv-grosslangheim.de\/wp-content\/uploads\/2022\/07\/DSC_7799-1536x1024.jpg 1536w, https:\/\/mgv-grosslangheim.de\/wp-content\/uploads\/2022\/07\/DSC_7799-2048x1365.jpg 2048w\" sizes=\"auto, (max-width: 1024px) 100vw, 1024px\" \/><\/figure>\n\n\n\n<figure class=\"wp-block-image size-large\"><img loading=\"lazy\" decoding=\"async\" width=\"1024\" height=\"683\" data-id=\"864\" src=\"https:\/\/mgv-grosslangheim.de\/wp-content\/uploads\/2022\/07\/DSC_7800-1024x683.jpg\" alt=\"\" class=\"wp-image-864\" srcset=\"https:\/\/mgv-grosslangheim.de\/wp-content\/uploads\/2022\/07\/DSC_7800-1024x683.jpg 1024w, https:\/\/mgv-grosslangheim.de\/wp-content\/uploads\/2022\/07\/DSC_7800-300x200.jpg 300w, https:\/\/mgv-grosslangheim.de\/wp-content\/uploads\/2022\/07\/DSC_7800-768x512.jpg 768w, https:\/\/mgv-grosslangheim.de\/wp-content\/uploads\/2022\/07\/DSC_7800-1536x1024.jpg 1536w, https:\/\/mgv-grosslangheim.de\/wp-content\/uploads\/2022\/07\/DSC_7800-2048x1365.jpg 2048w\" sizes=\"auto, (max-width: 1024px) 100vw, 1024px\" \/><\/figure>\n\n\n\n<figure class=\"wp-block-image size-large\"><img loading=\"lazy\" decoding=\"async\" width=\"1024\" height=\"683\" data-id=\"863\" src=\"https:\/\/mgv-grosslangheim.de\/wp-content\/uploads\/2022\/07\/DSC_7808-1-1024x683.jpg\" alt=\"\" class=\"wp-image-863\" srcset=\"https:\/\/mgv-grosslangheim.de\/wp-content\/uploads\/2022\/07\/DSC_7808-1-1024x683.jpg 1024w, https:\/\/mgv-grosslangheim.de\/wp-content\/uploads\/2022\/07\/DSC_7808-1-300x200.jpg 300w, https:\/\/mgv-grosslangheim.de\/wp-content\/uploads\/2022\/07\/DSC_7808-1-768x512.jpg 768w, https:\/\/mgv-grosslangheim.de\/wp-content\/uploads\/2022\/07\/DSC_7808-1-1536x1024.jpg 1536w, https:\/\/mgv-grosslangheim.de\/wp-content\/uploads\/2022\/07\/DSC_7808-1-2048x1365.jpg 2048w\" sizes=\"auto, (max-width: 1024px) 100vw, 1024px\" \/><\/figure>\n<\/figure>\n\n\n\n<p>Krackenlauf 2022<\/p>\n\n\n\n<figure class=\"wp-block-gallery has-nested-images columns-default is-cropped wp-block-gallery-3 is-layout-flex wp-block-gallery-is-layout-flex\">\n<figure class=\"wp-block-image size-large\"><img loading=\"lazy\" decoding=\"async\" width=\"1024\" height=\"683\" data-id=\"829\" src=\"https:\/\/mgv-grosslangheim.de\/wp-content\/uploads\/2022\/06\/IMG_9390-1024x683.jpg\" alt=\"\" class=\"wp-image-829\" srcset=\"https:\/\/mgv-grosslangheim.de\/wp-content\/uploads\/2022\/06\/IMG_9390-1024x683.jpg 1024w, https:\/\/mgv-grosslangheim.de\/wp-content\/uploads\/2022\/06\/IMG_9390-300x200.jpg 300w, https:\/\/mgv-grosslangheim.de\/wp-content\/uploads\/2022\/06\/IMG_9390-768x512.jpg 768w, https:\/\/mgv-grosslangheim.de\/wp-content\/uploads\/2022\/06\/IMG_9390-1536x1024.jpg 1536w, https:\/\/mgv-grosslangheim.de\/wp-content\/uploads\/2022\/06\/IMG_9390-2048x1365.jpg 2048w\" sizes=\"auto, (max-width: 1024px) 100vw, 1024px\" \/><\/figure>\n\n\n\n<figure class=\"wp-block-image size-large\"><img loading=\"lazy\" decoding=\"async\" width=\"1024\" height=\"683\" data-id=\"830\" src=\"https:\/\/mgv-grosslangheim.de\/wp-content\/uploads\/2022\/06\/IMG_9411-1024x683.jpg\" alt=\"\" class=\"wp-image-830\" srcset=\"https:\/\/mgv-grosslangheim.de\/wp-content\/uploads\/2022\/06\/IMG_9411-1024x683.jpg 1024w, https:\/\/mgv-grosslangheim.de\/wp-content\/uploads\/2022\/06\/IMG_9411-300x200.jpg 300w, https:\/\/mgv-grosslangheim.de\/wp-content\/uploads\/2022\/06\/IMG_9411-768x512.jpg 768w, https:\/\/mgv-grosslangheim.de\/wp-content\/uploads\/2022\/06\/IMG_9411-1536x1024.jpg 1536w, https:\/\/mgv-grosslangheim.de\/wp-content\/uploads\/2022\/06\/IMG_9411-2048x1365.jpg 2048w\" sizes=\"auto, (max-width: 1024px) 100vw, 1024px\" \/><\/figure>\n\n\n\n<figure class=\"wp-block-image size-large\"><img loading=\"lazy\" decoding=\"async\" width=\"1024\" height=\"683\" data-id=\"832\" src=\"https:\/\/mgv-grosslangheim.de\/wp-content\/uploads\/2022\/06\/IMG_9412-1024x683.jpg\" alt=\"\" class=\"wp-image-832\" srcset=\"https:\/\/mgv-grosslangheim.de\/wp-content\/uploads\/2022\/06\/IMG_9412-1024x683.jpg 1024w, https:\/\/mgv-grosslangheim.de\/wp-content\/uploads\/2022\/06\/IMG_9412-300x200.jpg 300w, https:\/\/mgv-grosslangheim.de\/wp-content\/uploads\/2022\/06\/IMG_9412-768x512.jpg 768w, https:\/\/mgv-grosslangheim.de\/wp-content\/uploads\/2022\/06\/IMG_9412-1536x1024.jpg 1536w, https:\/\/mgv-grosslangheim.de\/wp-content\/uploads\/2022\/06\/IMG_9412-2048x1365.jpg 2048w\" sizes=\"auto, (max-width: 1024px) 100vw, 1024px\" \/><\/figure>\n\n\n\n<figure class=\"wp-block-image size-large\"><img loading=\"lazy\" decoding=\"async\" width=\"1024\" height=\"683\" data-id=\"833\" src=\"https:\/\/mgv-grosslangheim.de\/wp-content\/uploads\/2022\/06\/IMG_9688-1024x683.jpg\" alt=\"\" class=\"wp-image-833\" srcset=\"https:\/\/mgv-grosslangheim.de\/wp-content\/uploads\/2022\/06\/IMG_9688-1024x683.jpg 1024w, https:\/\/mgv-grosslangheim.de\/wp-content\/uploads\/2022\/06\/IMG_9688-300x200.jpg 300w, https:\/\/mgv-grosslangheim.de\/wp-content\/uploads\/2022\/06\/IMG_9688-768x512.jpg 768w, https:\/\/mgv-grosslangheim.de\/wp-content\/uploads\/2022\/06\/IMG_9688-1536x1024.jpg 1536w, https:\/\/mgv-grosslangheim.de\/wp-content\/uploads\/2022\/06\/IMG_9688-2048x1365.jpg 2048w\" sizes=\"auto, (max-width: 1024px) 100vw, 1024px\" \/><\/figure>\n\n\n\n<figure class=\"wp-block-image size-large\"><img loading=\"lazy\" decoding=\"async\" width=\"1024\" height=\"683\" data-id=\"835\" src=\"https:\/\/mgv-grosslangheim.de\/wp-content\/uploads\/2022\/06\/IMG_9689-1024x683.jpg\" alt=\"\" class=\"wp-image-835\" srcset=\"https:\/\/mgv-grosslangheim.de\/wp-content\/uploads\/2022\/06\/IMG_9689-1024x683.jpg 1024w, https:\/\/mgv-grosslangheim.de\/wp-content\/uploads\/2022\/06\/IMG_9689-300x200.jpg 300w, https:\/\/mgv-grosslangheim.de\/wp-content\/uploads\/2022\/06\/IMG_9689-768x512.jpg 768w, https:\/\/mgv-grosslangheim.de\/wp-content\/uploads\/2022\/06\/IMG_9689-1536x1024.jpg 1536w, https:\/\/mgv-grosslangheim.de\/wp-content\/uploads\/2022\/06\/IMG_9689-2048x1365.jpg 2048w\" sizes=\"auto, (max-width: 1024px) 100vw, 1024px\" \/><\/figure>\n\n\n\n<figure class=\"wp-block-image size-large\"><img loading=\"lazy\" decoding=\"async\" width=\"1024\" height=\"683\" data-id=\"836\" src=\"https:\/\/mgv-grosslangheim.de\/wp-content\/uploads\/2022\/06\/IMG_9690-1024x683.jpg\" alt=\"\" class=\"wp-image-836\" srcset=\"https:\/\/mgv-grosslangheim.de\/wp-content\/uploads\/2022\/06\/IMG_9690-1024x683.jpg 1024w, https:\/\/mgv-grosslangheim.de\/wp-content\/uploads\/2022\/06\/IMG_9690-300x200.jpg 300w, https:\/\/mgv-grosslangheim.de\/wp-content\/uploads\/2022\/06\/IMG_9690-768x512.jpg 768w, https:\/\/mgv-grosslangheim.de\/wp-content\/uploads\/2022\/06\/IMG_9690-1536x1024.jpg 1536w, https:\/\/mgv-grosslangheim.de\/wp-content\/uploads\/2022\/06\/IMG_9690-2048x1365.jpg 2048w\" sizes=\"auto, (max-width: 1024px) 100vw, 1024px\" \/><\/figure>\n\n\n\n<figure class=\"wp-block-image size-large\"><img loading=\"lazy\" decoding=\"async\" width=\"1024\" height=\"683\" data-id=\"837\" src=\"https:\/\/mgv-grosslangheim.de\/wp-content\/uploads\/2022\/06\/IMG_9692-1024x683.jpg\" alt=\"\" class=\"wp-image-837\" srcset=\"https:\/\/mgv-grosslangheim.de\/wp-content\/uploads\/2022\/06\/IMG_9692-1024x683.jpg 1024w, https:\/\/mgv-grosslangheim.de\/wp-content\/uploads\/2022\/06\/IMG_9692-300x200.jpg 300w, https:\/\/mgv-grosslangheim.de\/wp-content\/uploads\/2022\/06\/IMG_9692-768x512.jpg 768w, https:\/\/mgv-grosslangheim.de\/wp-content\/uploads\/2022\/06\/IMG_9692-1536x1024.jpg 1536w, https:\/\/mgv-grosslangheim.de\/wp-content\/uploads\/2022\/06\/IMG_9692-2048x1365.jpg 2048w\" sizes=\"auto, (max-width: 1024px) 100vw, 1024px\" \/><\/figure>\n\n\n\n<figure class=\"wp-block-image size-large\"><img loading=\"lazy\" decoding=\"async\" width=\"1024\" height=\"683\" data-id=\"838\" src=\"https:\/\/mgv-grosslangheim.de\/wp-content\/uploads\/2022\/06\/IMG_9695-1024x683.jpg\" alt=\"\" class=\"wp-image-838\" srcset=\"https:\/\/mgv-grosslangheim.de\/wp-content\/uploads\/2022\/06\/IMG_9695-1024x683.jpg 1024w, https:\/\/mgv-grosslangheim.de\/wp-content\/uploads\/2022\/06\/IMG_9695-300x200.jpg 300w, https:\/\/mgv-grosslangheim.de\/wp-content\/uploads\/2022\/06\/IMG_9695-768x512.jpg 768w, https:\/\/mgv-grosslangheim.de\/wp-content\/uploads\/2022\/06\/IMG_9695-1536x1024.jpg 1536w, https:\/\/mgv-grosslangheim.de\/wp-content\/uploads\/2022\/06\/IMG_9695-2048x1365.jpg 2048w\" sizes=\"auto, (max-width: 1024px) 100vw, 1024px\" \/><\/figure>\n<\/figure>\n\n\n\n<hr class=\"wp-block-separator has-css-opacity\"\/>\n\n\n\n<p>N\u00e4rrische Weinprobe, 23.01.2020<\/p>\n\n\n\nngg_shortcode_0_placeholder\n\n\n\n<p>Der Termin f\u00fcr 2023 steht noch nicht fest: xx.01.2023. Ab 19:11 Uhr hei\u00dft es wieder &#8222;Langa lacht!&#8220;. Auf das es genauso toll wird, wie 2020. <\/p>\n\n\n\n<hr class=\"wp-block-separator has-css-opacity\"\/>\n\n\n\n<p>Das war ein Fest! 100 Jahre S\u00e4ngerlust. W\u00e4hrend dem Aufbau war es extrem hei\u00df und schw\u00fcl. Am ersten Abend gab es Sturm, das Zelt bebte! Die G\u00e4ste kamen zahlreich, das Fest war ein voller Erfolg. Das Programm abwechslungsreich, witzig und ja, es wurde auch gesungen, in allen Hallen erklangen die Melodien, die uns verzaubern. Dank sei unserem Ralf Weigand &#8211; Ehrenvorstand und best men of aller Zeiten. <\/p>\n\n\n\nngg_shortcode_1_placeholder\n\n\n\n<hr class=\"wp-block-separator has-css-opacity\"\/>\n\n\n\n<p>Ruhet in Frieden!<\/p>\n\n\n\nngg_shortcode_2_placeholder\n\n\n\n\n\n<figure class=\"wp-block-gallery has-nested-images columns-default is-cropped wp-block-gallery-4 is-layout-flex wp-block-gallery-is-layout-flex\"><\/figure>\n\n\n\n<figure class=\"wp-block-gallery has-nested-images columns-default is-cropped wp-block-gallery-5 is-layout-flex wp-block-gallery-is-layout-flex\"><\/figure>\n\n\n\n<h2 class=\"wp-block-heading\"><\/h2>\n","protected":false},"excerpt":{"rendered":"<p>111 Jahre Feier am See &#8211; IMPULS Serenade am See, Juli 2022 Krackenlauf 2022 N\u00e4rrische Weinprobe, 23.01.2020 Der Termin f\u00fcr 2023 steht noch nicht fest: xx.01.2023. Ab 19:11 Uhr hei\u00dft es wieder &#8222;Langa lacht!&#8220;. Auf das es genauso toll wird, wie 2020. Das war ein Fest! 100 Jahre S\u00e4ngerlust. W\u00e4hrend dem Aufbau war es extrem<\/p><\/div>\n<div class=\"blog-btn\"><a href=\"https:\/\/mgv-grosslangheim.de\/?page_id=536\" class=\"home-blog-btn\">Weiterlesen<\/a><\/p>\n","protected":false},"author":1,"featured_media":0,"parent":0,"menu_order":0,"comment_status":"open","ping_status":"closed","template":"","meta":{"ngg_post_thumbnail":0,"footnotes":""},"class_list":["post-536","page","type-page","status-publish","hentry"],"_links":{"self":[{"href":"https:\/\/mgv-grosslangheim.de\/index.php?rest_route=\/wp\/v2\/pages\/536","targetHints":{"allow":["GET"]}}],"collection":[{"href":"https:\/\/mgv-grosslangheim.de\/index.php?rest_route=\/wp\/v2\/pages"}],"about":[{"href":"https:\/\/mgv-grosslangheim.de\/index.php?rest_route=\/wp\/v2\/types\/page"}],"author":[{"embeddable":true,"href":"https:\/\/mgv-grosslangheim.de\/index.php?rest_route=\/wp\/v2\/users\/1"}],"replies":[{"embeddable":true,"href":"https:\/\/mgv-grosslangheim.de\/index.php?rest_route=%2Fwp%2Fv2%2Fcomments&post=536"}],"version-history":[{"count":14,"href":"https:\/\/mgv-grosslangheim.de\/index.php?rest_route=\/wp\/v2\/pages\/536\/revisions"}],"predecessor-version":[{"id":977,"href":"https:\/\/mgv-grosslangheim.de\/index.php?rest_route=\/wp\/v2\/pages\/536\/revisions\/977"}],"wp:attachment":[{"href":"https:\/\/mgv-grosslangheim.de\/index.php?rest_route=%2Fwp%2Fv2%2Fmedia&parent=536"}],"curies":[{"name":"wp","href":"https:\/\/api.w.org\/{rel}","templated":true}]}}