{"id":25,"date":"2019-12-17T16:33:15","date_gmt":"2019-12-17T16:33:15","guid":{"rendered":"http:\/\/mgv-grosslangheim.de\/?page_id=25"},"modified":"2025-06-29T09:31:07","modified_gmt":"2025-06-29T09:31:07","slug":"lieder","status":"publish","type":"page","link":"https:\/\/mgv-grosslangheim.de\/?page_id=25","title":{"rendered":"Lieder"},"content":{"rendered":"\n<p>und noch viel mehr, auf Youtube.de suche einfach nach <strong>tsag111070<\/strong> &#8230;www.<strong>youtube<\/strong>.de<\/p>\n\n\n\n<p>____________________________________________________________________________________________________<\/p>\n\n\n\n<figure class=\"wp-block-audio\"><audio controls src=\"https:\/\/mgv-grosslangheim.de\/wp-content\/uploads\/2022\/12\/Zuendet-die-Lichter-der-Freude-an-TTBB.mp3\"><\/audio><figcaption class=\"wp-element-caption\">Z\u00fcndet die Lichter der Freude an TTBB Adventskonzert 2022<\/figcaption><\/figure>\n\n\n\n<figure class=\"wp-block-audio\"><audio controls src=\"https:\/\/mgv-grosslangheim.de\/wp-content\/uploads\/2022\/12\/Zeit-ist-ein-Geschenk.mp3\"><\/audio><figcaption class=\"wp-element-caption\">Zeit ist ein Geschenk TTBB Adventskonzert 2022<\/figcaption><\/figure>\n\n\n\n<figure class=\"wp-block-audio\"><audio controls src=\"https:\/\/mgv-grosslangheim.de\/wp-content\/uploads\/2022\/12\/Winterwunderland.mp3\"><\/audio><figcaption class=\"wp-element-caption\">Winterwunderland SATB Adventskonzert 2022<\/figcaption><\/figure>\n\n\n\n<figure class=\"wp-block-audio\"><audio controls src=\"https:\/\/mgv-grosslangheim.de\/wp-content\/uploads\/2022\/12\/Wenn-du-daran-glaubst.mp3\"><\/audio><figcaption class=\"wp-element-caption\">Wenn du daran glaubst SATB Adventskonzert 2022<\/figcaption><\/figure>\n\n\n\n<figure class=\"wp-block-audio\"><audio controls src=\"https:\/\/mgv-grosslangheim.de\/wp-content\/uploads\/2022\/12\/Weihnachtserwartung-TTBB.mp3\"><\/audio><figcaption class=\"wp-element-caption\">Weihnachtserwartungen TTBB Adventskonzert 2022<\/figcaption><\/figure>\n\n\n\n<figure class=\"wp-block-audio\"><audio controls src=\"https:\/\/mgv-grosslangheim.de\/wp-content\/uploads\/2022\/12\/Uns-kommt-ein-Schiff-geladen-TTBB.mp3\"><\/audio><figcaption class=\"wp-element-caption\">Uns kommt ein Schiff geladen TTBB Adventskonzert 2022<\/figcaption><\/figure>\n\n\n\n<figure class=\"wp-block-audio\"><audio controls src=\"https:\/\/mgv-grosslangheim.de\/wp-content\/uploads\/2022\/12\/This-is-Christmas.mp3\"><\/audio><figcaption class=\"wp-element-caption\">This is Christmas SATB Adventskonzert 2022<\/figcaption><\/figure>\n\n\n\n<figure class=\"wp-block-audio\"><audio controls src=\"https:\/\/mgv-grosslangheim.de\/wp-content\/uploads\/2022\/12\/JulJul.mp3\"><\/audio><figcaption class=\"wp-element-caption\">Jul Jul SATB Adventskonzert 2022<\/figcaption><\/figure>\n\n\n\n<figure class=\"wp-block-audio\"><audio controls src=\"https:\/\/mgv-grosslangheim.de\/wp-content\/uploads\/2022\/12\/Got-Rest-you-diridingdong.mp3\"><\/audio><figcaption class=\"wp-element-caption\">God rest you SATB Adventskonzert 2022<\/figcaption><\/figure>\n\n\n\n<figure class=\"wp-block-audio\"><audio controls src=\"https:\/\/mgv-grosslangheim.de\/wp-content\/uploads\/2022\/12\/Engel-Hallelujah-Deutsch-Kopie.mp3\"><\/audio><figcaption class=\"wp-element-caption\">Engel Hallelujah Deutsch SATB Adventskonzert 2022<\/figcaption><\/figure>\n\n\n\n<figure class=\"wp-block-audio\"><audio controls src=\"https:\/\/mgv-grosslangheim.de\/wp-content\/uploads\/2022\/12\/Trommlerjunge.mp3\"><\/audio><figcaption class=\"wp-element-caption\">Der kleine Trommler Junge (Deutsch) M\u00e4nner Adventskonzert 2022<\/figcaption><\/figure>\n\n\n\n<figure class=\"wp-block-audio\"><audio controls src=\"https:\/\/mgv-grosslangheim.de\/wp-content\/uploads\/2019\/12\/03-Track-3-Mei-Frankaland-1.mp3\"><\/audio><figcaption class=\"wp-element-caption\">Mei Frankaland, M\u00e4nnern<\/figcaption><\/figure>\n\n\n\n<figure class=\"wp-block-audio\"><audio controls src=\"https:\/\/mgv-grosslangheim.de\/wp-content\/uploads\/2019\/12\/02-Track-2-Aus-dem-Fasse-den-Wein.mp3\"><\/audio><figcaption class=\"wp-element-caption\">Aus dem Fasse den Wein, M\u00e4nner<\/figcaption><\/figure>\n\n\n\n<figure class=\"wp-block-audio\"><audio controls src=\"https:\/\/mgv-grosslangheim.de\/wp-content\/uploads\/2019\/12\/06-Track-6-Du-mei-Frankn-harrlis-Land.mp3\"><\/audio><figcaption class=\"wp-element-caption\">Du mei Franken harrlis Land, M\u00e4nner<\/figcaption><\/figure>\n\n\n\n<figure class=\"wp-block-audio\"><audio controls src=\"https:\/\/mgv-grosslangheim.de\/wp-content\/uploads\/2019\/12\/04-Track-4-Und-der-Fuhrmann-auf-der-Stra\u00dfe.mp3\"><\/audio><figcaption class=\"wp-element-caption\">Und der Fuhrmann auf der Stra\u00dfe, M\u00e4nner<\/figcaption><\/figure>\n\n\n\n<figure class=\"wp-block-audio\"><audio controls src=\"https:\/\/mgv-grosslangheim.de\/wp-content\/uploads\/2019\/12\/05-Track-5-Der-Holderstrauch.mp3\"><\/audio><figcaption class=\"wp-element-caption\">Der Holderstrau\u00df, M\u00e4nner<\/figcaption><\/figure>\n\n\n\n<figure class=\"wp-block-audio\"><audio controls src=\"https:\/\/mgv-grosslangheim.de\/wp-content\/uploads\/2019\/12\/07-Track-7-Die-Linde-steht-am-Berge.mp3\"><\/audio><figcaption class=\"wp-element-caption\">Die Linde steht am Berge, M\u00e4nner<\/figcaption><\/figure>\n\n\n\n<figure class=\"wp-block-audio\"><audio controls src=\"https:\/\/mgv-grosslangheim.de\/wp-content\/uploads\/2019\/12\/08-Track-8-Viel-Wein-hab-ich-schon-probiert.mp3\"><\/audio><figcaption class=\"wp-element-caption\">Viel Weine hab ich schon probiert, M\u00e4nner<\/figcaption><\/figure>\n\n\n\n<figure class=\"wp-block-audio\"><audio controls src=\"https:\/\/mgv-grosslangheim.de\/wp-content\/uploads\/2019\/12\/10-Track-10-Dort-wo-der-stille-Garten-liegt.mp3\"><\/audio><figcaption class=\"wp-element-caption\">Dort wo der stille Garten liegt, M\u00e4nner<\/figcaption><\/figure>\n\n\n\n<figure class=\"wp-block-audio\"><audio controls src=\"https:\/\/mgv-grosslangheim.de\/wp-content\/uploads\/2019\/12\/11-Track-11-Hint-mein-Scheuerla.mp3\"><\/audio><figcaption class=\"wp-element-caption\">Hint mein Scheuerla, M\u00e4nner<\/figcaption><\/figure>\n\n\n\n<figure class=\"wp-block-audio\"><audio controls src=\"https:\/\/mgv-grosslangheim.de\/wp-content\/uploads\/2019\/12\/12-Track-12-Franken-du-Weinland.mp3\"><\/audio><figcaption class=\"wp-element-caption\">Franken Du Weinland, M\u00e4nner<\/figcaption><\/figure>\n\n\n\n<figure class=\"wp-block-audio\"><audio controls src=\"https:\/\/mgv-grosslangheim.de\/wp-content\/uploads\/2019\/12\/14-Track-14-Hubertustag.mp3\"><\/audio><figcaption class=\"wp-element-caption\">Hubertustag, M\u00e4nner<\/figcaption><\/figure>\n\n\n\n<figure class=\"wp-block-audio\"><audio controls src=\"https:\/\/mgv-grosslangheim.de\/wp-content\/uploads\/2019\/12\/15-Track-15-Wir-waren-am-herrlichen-Rheine.mp3\"><\/audio><figcaption class=\"wp-element-caption\">Wir waren am herrlichen Rheine, M\u00e4nner<\/figcaption><\/figure>\n\n\n\n<figure class=\"wp-block-audio\"><audio controls src=\"https:\/\/mgv-grosslangheim.de\/wp-content\/uploads\/2019\/12\/16-Track-16-Tiroler-Nachtwache.mp3\"><\/audio><figcaption class=\"wp-element-caption\">Der Tiroler Nachtwache, M\u00e4nner<\/figcaption><\/figure>\n\n\n\n<figure class=\"wp-block-audio\"><audio controls src=\"https:\/\/mgv-grosslangheim.de\/wp-content\/uploads\/2019\/12\/18-Track-18-Unter-den-Weiden.mp3\"><\/audio><figcaption class=\"wp-element-caption\">Unter den Weiden, M\u00e4nner<\/figcaption><\/figure>\n\n\n\n<figure class=\"wp-block-audio\"><audio controls src=\"https:\/\/mgv-grosslangheim.de\/wp-content\/uploads\/2019\/12\/20-Track-20-Im-Abendrot.mp3\"><\/audio><figcaption class=\"wp-element-caption\">Im Abendrot, M\u00e4nner<\/figcaption><\/figure>\n\n\n\n<figure class=\"wp-block-audio\"><audio controls src=\"https:\/\/mgv-grosslangheim.de\/wp-content\/uploads\/2019\/12\/21-Track-21-Starla-Lied.mp3\"><\/audio><figcaption class=\"wp-element-caption\">Starlalied, M\u00e4nner<\/figcaption><\/figure>\n\n\n\n<figure class=\"wp-block-audio\"><audio controls src=\"https:\/\/mgv-grosslangheim.de\/wp-content\/uploads\/2019\/12\/Banua2.mp3\"><\/audio><figcaption class=\"wp-element-caption\">Banua, Legato<\/figcaption><\/figure>\n\n\n\n<figure class=\"wp-block-audio\"><audio controls src=\"https:\/\/mgv-grosslangheim.de\/wp-content\/uploads\/2019\/12\/CapriFischer2.mp3\"><\/audio><figcaption class=\"wp-element-caption\">Capri Fischer, M\u00e4nner<\/figcaption><\/figure>\n\n\n\n<figure class=\"wp-block-audio\"><audio controls src=\"https:\/\/mgv-grosslangheim.de\/wp-content\/uploads\/2019\/12\/Weg.mp3\"><\/audio><figcaption class=\"wp-element-caption\">Dieser Weg wird kein leichter sein, Legato<\/figcaption><\/figure>\n\n\n\n<figure class=\"wp-block-audio\"><audio controls src=\"https:\/\/mgv-grosslangheim.de\/wp-content\/uploads\/2019\/12\/Welle2.mp3\"><\/audio><figcaption class=\"wp-element-caption\">Das ist die perfekte Welle, Legato<\/figcaption><\/figure>\n\n\n\n<figure class=\"wp-block-audio\"><audio controls src=\"https:\/\/mgv-grosslangheim.de\/wp-content\/uploads\/2019\/12\/Dom-Schwanberg-da-wachsen-Wengert.mp3\"><\/audio><figcaption class=\"wp-element-caption\">Dom Schwanberg da wachsen Wengert, M\u00e4nner<\/figcaption><\/figure>\n\n\n\n<figure class=\"wp-block-audio\"><audio controls src=\"https:\/\/mgv-grosslangheim.de\/wp-content\/uploads\/2019\/12\/WEnn-die-Sunn-auf-Unterfragen-Langa-is-so-sch\u00f6.mp3\"><\/audio><figcaption class=\"wp-element-caption\">Mei goldigs Langa, M\u00e4nner<\/figcaption><\/figure>\n\n\n\n<figure class=\"wp-block-audio\"><audio controls src=\"https:\/\/mgv-grosslangheim.de\/wp-content\/uploads\/2019\/12\/Amen.Frankobarden.wav\"><\/audio><figcaption class=\"wp-element-caption\">Amen<\/figcaption><\/figure>\n\n\n\n<figure class=\"wp-block-audio\"><audio controls src=\"https:\/\/mgv-grosslangheim.de\/wp-content\/uploads\/2019\/12\/Danklied.wav\"><\/audio><figcaption class=\"wp-element-caption\">Danklied<\/figcaption><\/figure>\n\n\n\n<figure class=\"wp-block-audio\"><audio controls src=\"https:\/\/mgv-grosslangheim.de\/wp-content\/uploads\/2019\/12\/Erz\u00e4hlung-vom-Starlalied.mp3\"><\/audio><figcaption class=\"wp-element-caption\">Erz\u00e4hlung vom Grebners Hannes<\/figcaption><\/figure>\n\n\n\n<figure class=\"wp-block-audio\"><audio controls src=\"https:\/\/mgv-grosslangheim.de\/wp-content\/uploads\/2019\/12\/Gruss-an-R\u00f6delsee.mp3\"><\/audio><figcaption class=\"wp-element-caption\">Im Dorf da geht die Glocke schon<\/figcaption><\/figure>\n\n\n\n<figure class=\"wp-block-audio\"><audio controls src=\"https:\/\/mgv-grosslangheim.de\/wp-content\/uploads\/2019\/12\/Hochamt-vo-de-Wengertsh\u00fcter.mp3\"><\/audio><figcaption class=\"wp-element-caption\">Erz\u00e4hlungen Teil 2 von Grebners Hannes<\/figcaption><\/figure>\n\n\n\n<figure class=\"wp-block-audio\"><audio controls src=\"https:\/\/mgv-grosslangheim.de\/wp-content\/uploads\/2019\/12\/Sanctra-Maria-Gemeinsam.wav\"><\/audio><figcaption class=\"wp-element-caption\">Sancta Maria<\/figcaption><\/figure>\n\n\n\n<figure class=\"wp-block-audio\"><audio controls src=\"https:\/\/mgv-grosslangheim.de\/wp-content\/uploads\/2019\/12\/Starlalied.mp3\"><\/audio><figcaption class=\"wp-element-caption\">Starlalied, Grebners Hannes Original<\/figcaption><\/figure>\n\n\n\n<figure class=\"wp-block-audio\"><audio controls src=\"https:\/\/mgv-grosslangheim.de\/wp-content\/uploads\/2019\/12\/Ich-bin-der-Grebner-Hannes-von-der-Schwarzierstrass.mp3\"><\/audio><figcaption class=\"wp-element-caption\">Ich bin der Grebners Hannes von der Schwarzier Strass<\/figcaption><\/figure>\n\n\n\n<figure class=\"wp-block-audio\"><audio controls src=\"https:\/\/mgv-grosslangheim.de\/wp-content\/uploads\/2019\/12\/Prost-Karoline.mp3\"><\/audio><figcaption class=\"wp-element-caption\">Prost Caroline<\/figcaption><\/figure>\n\n\n\n<figure class=\"wp-block-audio\"><audio controls src=\"https:\/\/mgv-grosslangheim.de\/wp-content\/uploads\/2019\/12\/Tears2.mp3\"><\/audio><figcaption class=\"wp-element-caption\">As Tears go by, Legato<\/figcaption><\/figure>\n\n\n\n<figure class=\"wp-block-audio\"><audio controls src=\"https:\/\/mgv-grosslangheim.de\/wp-content\/uploads\/2019\/12\/Hallelujia.Volkach.wav\"><\/audio><figcaption class=\"wp-element-caption\">Halleluja, M\u00e4nner<\/figcaption><\/figure>\n\n\n\n<figure class=\"wp-block-audio\"><audio controls src=\"https:\/\/mgv-grosslangheim.de\/wp-content\/uploads\/2019\/12\/Lat.Lied_.wav\"><\/audio><figcaption class=\"wp-element-caption\">Noch ein Lied, M\u00e4nner<\/figcaption><\/figure>\n\n\n\n<figure class=\"wp-block-audio\"><audio controls src=\"https:\/\/mgv-grosslangheim.de\/wp-content\/uploads\/2019\/12\/Oh-Herr-welch-ein-Morgen.wav\"><\/audio><figcaption class=\"wp-element-caption\">Oh Herr, welch ein Morgen, M\u00e4nner<\/figcaption><\/figure>\n\n\n\n<figure class=\"wp-block-audio\"><audio controls src=\"https:\/\/mgv-grosslangheim.de\/wp-content\/uploads\/2019\/12\/Morgenrot.Volkach.wav\"><\/audio><figcaption class=\"wp-element-caption\">Morgenrot, M\u00e4nner<\/figcaption><\/figure>\n\n\n\n<figure class=\"wp-block-audio\"><audio controls src=\"https:\/\/mgv-grosslangheim.de\/wp-content\/uploads\/2019\/12\/Amen.Volkach.wav\"><\/audio><figcaption class=\"wp-element-caption\">Amen, M\u00e4nner<\/figcaption><\/figure>\n\n\n\n<figure class=\"wp-block-audio\"><audio controls src=\"https:\/\/mgv-grosslangheim.de\/wp-content\/uploads\/2019\/12\/Danklied.Volkach.wav\"><\/audio><figcaption class=\"wp-element-caption\">Danklied, M\u00e4nner<\/figcaption><\/figure>\n\n\n\n<figure class=\"wp-block-audio\"><audio controls src=\"https:\/\/mgv-grosslangheim.de\/wp-content\/uploads\/2019\/12\/MGV-Gro\u00dflangheim-Mariensingen2010-01-2.mp3\"><\/audio><figcaption class=\"wp-element-caption\">Sancta Maria, M\u00e4nner<\/figcaption><\/figure>\n\n\n\n<figure class=\"wp-block-audio\"><audio controls src=\"https:\/\/mgv-grosslangheim.de\/wp-content\/uploads\/2019\/12\/MGV-Gro\u00dflangheim-Mariensingen2010-03-1.mp3\"><\/audio><figcaption class=\"wp-element-caption\">Ave Gl\u00f6cklein, M\u00e4nner<\/figcaption><\/figure>\n\n\n\n<figure class=\"wp-block-audio\"><audio controls src=\"https:\/\/mgv-grosslangheim.de\/wp-content\/uploads\/2019\/12\/MGV-Gro\u00dflangheim-Mariensingen2010-11-1.mp3\"><\/audio><figcaption class=\"wp-element-caption\">Wenn ich ein Gl\u00f6cklen w\u00e4r, M\u00e4nner <\/figcaption><\/figure>\n\n\n\n<figure class=\"wp-block-audio\"><audio controls src=\"https:\/\/mgv-grosslangheim.de\/wp-content\/uploads\/2019\/12\/MGV-Gro\u00dflangheim-Mariensingen2010-16-1.mp3\"><\/audio><figcaption class=\"wp-element-caption\">Im Dorf da geht die Glocke schon, M\u00e4nner<\/figcaption><\/figure>\n\n\n\n<figure class=\"wp-block-audio\"><audio controls src=\"https:\/\/mgv-grosslangheim.de\/wp-content\/uploads\/2019\/12\/MGV-Gro\u00dflangheim-Mariensingen2010-17-1.mp3\"><\/audio><figcaption class=\"wp-element-caption\">Segne Du Maria, M\u00e4nner<\/figcaption><\/figure>\n\n\n\n<figure class=\"wp-block-audio\"><audio controls src=\"https:\/\/mgv-grosslangheim.de\/wp-content\/uploads\/2019\/12\/Franko2Album02-Tanz-M\u00e4dla-tanz-die-ganze-Nacht-High-quality.mp3\"><\/audio><figcaption class=\"wp-element-caption\">Tanz M\u00e4dla tanz die ganze Nacht, M\u00e4nner<\/figcaption><\/figure>\n\n\n\n<figure class=\"wp-block-audio\"><audio controls src=\"https:\/\/mgv-grosslangheim.de\/wp-content\/uploads\/2019\/12\/Franko2Album06-Heint-scheint-de-Mou-sua-sch\u00f6-High-quality.mp3\"><\/audio><figcaption class=\"wp-element-caption\">Heut scheint der Moa so sch\u00f6, &#8230;.<\/figcaption><\/figure>\n\n\n\n<figure class=\"wp-block-audio\"><audio controls src=\"https:\/\/mgv-grosslangheim.de\/wp-content\/uploads\/2019\/12\/Franko2Album11-Oh-Maria-sei-gegr\u00fc\u00dft-High-quality.mp3\"><\/audio><figcaption class=\"wp-element-caption\">Oh Maria, sei gegr\u00fc\u00dft, M\u00e4nner<\/figcaption><\/figure>\n\n\n\n<figure class=\"wp-block-audio\"><audio controls src=\"https:\/\/mgv-grosslangheim.de\/wp-content\/uploads\/2019\/12\/AB-Abendfrieden.mp3\"><\/audio><figcaption class=\"wp-element-caption\">Abendfrieden, M\u00e4nner<\/figcaption><\/figure>\n\n\n\n<figure class=\"wp-block-audio\"><audio controls src=\"https:\/\/mgv-grosslangheim.de\/wp-content\/uploads\/2019\/12\/AB-Abendglocken.mp3\"><\/audio><figcaption class=\"wp-element-caption\">Abendglocken, M\u00e4nner<\/figcaption><\/figure>\n\n\n\n<figure class=\"wp-block-audio\"><audio controls src=\"https:\/\/mgv-grosslangheim.de\/wp-content\/uploads\/2019\/12\/AB-Im-Abendrot.mp3\"><\/audio><figcaption class=\"wp-element-caption\">Abendrot, M\u00e4nner<\/figcaption><\/figure>\n\n\n\n<figure class=\"wp-block-audio\"><audio controls src=\"https:\/\/mgv-grosslangheim.de\/wp-content\/uploads\/2019\/12\/AB-Jetzt-ham-a-weil-gsunga.mp3\"><\/audio><figcaption class=\"wp-element-caption\">Jetzt ham a weil gsunga, M\u00e4nner<\/figcaption><\/figure>\n\n\n\n<figure class=\"wp-block-audio\"><audio controls src=\"https:\/\/mgv-grosslangheim.de\/wp-content\/uploads\/2019\/12\/AB-Maria-ging-hinaus.mp3\"><\/audio><figcaption class=\"wp-element-caption\">Maria ging hinaus, M\u00e4nner<\/figcaption><\/figure>\n\n\n\n<figure class=\"wp-block-audio\"><audio controls src=\"https:\/\/mgv-grosslangheim.de\/wp-content\/uploads\/2019\/12\/AB-Uns-kommt-ein-Schiff.mp3\"><\/audio><figcaption class=\"wp-element-caption\">Uns kommt ein Schiff, M\u00e4nner<\/figcaption><\/figure>\n\n\n\n<figure class=\"wp-block-audio\"><audio controls src=\"https:\/\/mgv-grosslangheim.de\/wp-content\/uploads\/2019\/12\/AB-Zeit-ist-ein-Geschenk.mp3\"><\/audio><figcaption class=\"wp-element-caption\">Zeit ist ein Geschenk, M\u00e4nner<\/figcaption><\/figure>\n\n\n\n<figure class=\"wp-block-audio\"><audio controls src=\"https:\/\/mgv-grosslangheim.de\/wp-content\/uploads\/2024\/11\/Hymn_20241019.wav\"><\/audio><\/figure>\n\n\n\n<p>Hymn, Aufnahme Chortage Okt. 2024<\/p>\n\n\n\n<figure class=\"wp-block-audio\"><audio controls src=\"https:\/\/mgv-grosslangheim.de\/wp-content\/uploads\/2024\/11\/May-the-road-rise_20241019.wav\"><\/audio><\/figure>\n\n\n\n<p>May the road rise, Chortage Okt. 2024<\/p>\n\n\n\n<figure class=\"wp-block-audio\"><audio controls src=\"https:\/\/mgv-grosslangheim.de\/wp-content\/uploads\/2024\/11\/Junimond_20241019.wav\"><\/audio><\/figure>\n\n\n\n<p>Junimond, Chortage Okt. 2024<\/p>\n\n\n\n<figure class=\"wp-block-audio\"><audio controls src=\"https:\/\/mgv-grosslangheim.de\/wp-content\/uploads\/2024\/11\/Tears-in-Heaven_20241019.wav\"><\/audio><\/figure>\n\n\n\n<p>Tears in Heaven, Chortage Okt. 2024<\/p>\n\n\n\n<figure class=\"wp-block-audio\"><audio controls src=\"https:\/\/mgv-grosslangheim.de\/wp-content\/uploads\/2024\/11\/Viva-la-Vita_20241019.wav\"><\/audio><\/figure>\n\n\n\n<p>Viva la Vida, Chortage Okt 2024<\/p>\n\n\n\n<p><\/p>\n","protected":false},"excerpt":{"rendered":"<p>und noch viel mehr, auf Youtube.de suche einfach nach tsag111070 &#8230;www.youtube.de ____________________________________________________________________________________________________ Hymn, Aufnahme Chortage Okt. 2024 May the road rise, Chortage Okt. 2024 Junimond, Chortage Okt. 2024 Tears in Heaven, Chortage Okt. 2024 Viva la Vida, Chortage Okt 2024<\/p>\n","protected":false},"author":1,"featured_media":0,"parent":0,"menu_order":0,"comment_status":"closed","ping_status":"closed","template":"","meta":{"ngg_post_thumbnail":0,"footnotes":""},"class_list":["post-25","page","type-page","status-publish","hentry"],"_links":{"self":[{"href":"https:\/\/mgv-grosslangheim.de\/index.php?rest_route=\/wp\/v2\/pages\/25","targetHints":{"allow":["GET"]}}],"collection":[{"href":"https:\/\/mgv-grosslangheim.de\/index.php?rest_route=\/wp\/v2\/pages"}],"about":[{"href":"https:\/\/mgv-grosslangheim.de\/index.php?rest_route=\/wp\/v2\/types\/page"}],"author":[{"embeddable":true,"href":"https:\/\/mgv-grosslangheim.de\/index.php?rest_route=\/wp\/v2\/users\/1"}],"replies":[{"embeddable":true,"href":"https:\/\/mgv-grosslangheim.de\/index.php?rest_route=%2Fwp%2Fv2%2Fcomments&post=25"}],"version-history":[{"count":23,"href":"https:\/\/mgv-grosslangheim.de\/index.php?rest_route=\/wp\/v2\/pages\/25\/revisions"}],"predecessor-version":[{"id":1096,"href":"https:\/\/mgv-grosslangheim.de\/index.php?rest_route=\/wp\/v2\/pages\/25\/revisions\/1096"}],"wp:attachment":[{"href":"https:\/\/mgv-grosslangheim.de\/index.php?rest_route=%2Fwp%2Fv2%2Fmedia&parent=25"}],"curies":[{"name":"wp","href":"https:\/\/api.w.org\/{rel}","templated":true}]}}