{"id":20,"date":"2019-12-17T18:54:22","date_gmt":"2019-12-17T18:54:22","guid":{"rendered":"http:\/\/mgv-grosslangheim.de\/?page_id=20"},"modified":"2023-04-22T06:52:21","modified_gmt":"2023-04-22T06:52:21","slug":"choere","status":"publish","type":"page","link":"https:\/\/mgv-grosslangheim.de\/?page_id=20","title":{"rendered":"Ch\u00f6re"},"content":{"rendered":"\n<p>Kinder, M\u00e4nner, LEGATO, das ist unsere Welt der Lieder und Musik. <\/p>\n\n\n\n<figure class=\"wp-block-image size-large is-resized is-style-rounded\"><img loading=\"lazy\" decoding=\"async\" src=\"https:\/\/mgv-grosslangheim.de\/wp-content\/uploads\/2022\/07\/DSC_7808-1-1024x683.jpg\" alt=\"\" class=\"wp-image-863\" width=\"842\" height=\"570\"\/><figcaption class=\"wp-element-caption\">Seerenade Juni 2022<\/figcaption><\/figure>\n\n\n\n<figure class=\"wp-block-image size-large\"><img loading=\"lazy\" decoding=\"async\" width=\"1024\" height=\"683\" src=\"https:\/\/mgv-grosslangheim.de\/wp-content\/uploads\/2019\/12\/DSC_2585-1024x683.jpg\" alt=\"Gruppenfoto Juni 2019\" class=\"wp-image-6\" srcset=\"https:\/\/mgv-grosslangheim.de\/wp-content\/uploads\/2019\/12\/DSC_2585-1024x683.jpg 1024w, https:\/\/mgv-grosslangheim.de\/wp-content\/uploads\/2019\/12\/DSC_2585-300x200.jpg 300w, https:\/\/mgv-grosslangheim.de\/wp-content\/uploads\/2019\/12\/DSC_2585-768x512.jpg 768w\" sizes=\"auto, (max-width: 1024px) 100vw, 1024px\" \/><\/figure>\n\n\n\n<p>Der Kran im Hintergrund steht f\u00fcr Gro\u00dfes, was wir noch vollbringen wollen. <\/p>\n","protected":false},"excerpt":{"rendered":"<p>Kinder, M\u00e4nner, LEGATO, das ist unsere Welt der Lieder und Musik. Der Kran im Hintergrund steht f\u00fcr Gro\u00dfes, was wir noch vollbringen wollen.<\/p>\n","protected":false},"author":1,"featured_media":0,"parent":0,"menu_order":1,"comment_status":"closed","ping_status":"closed","template":"","meta":{"ngg_post_thumbnail":0,"footnotes":""},"class_list":["post-20","page","type-page","status-publish","hentry"],"_links":{"self":[{"href":"https:\/\/mgv-grosslangheim.de\/index.php?rest_route=\/wp\/v2\/pages\/20","targetHints":{"allow":["GET"]}}],"collection":[{"href":"https:\/\/mgv-grosslangheim.de\/index.php?rest_route=\/wp\/v2\/pages"}],"about":[{"href":"https:\/\/mgv-grosslangheim.de\/index.php?rest_route=\/wp\/v2\/types\/page"}],"author":[{"embeddable":true,"href":"https:\/\/mgv-grosslangheim.de\/index.php?rest_route=\/wp\/v2\/users\/1"}],"replies":[{"embeddable":true,"href":"https:\/\/mgv-grosslangheim.de\/index.php?rest_route=%2Fwp%2Fv2%2Fcomments&post=20"}],"version-history":[{"count":5,"href":"https:\/\/mgv-grosslangheim.de\/index.php?rest_route=\/wp\/v2\/pages\/20\/revisions"}],"predecessor-version":[{"id":925,"href":"https:\/\/mgv-grosslangheim.de\/index.php?rest_route=\/wp\/v2\/pages\/20\/revisions\/925"}],"wp:attachment":[{"href":"https:\/\/mgv-grosslangheim.de\/index.php?rest_route=%2Fwp%2Fv2%2Fmedia&parent=20"}],"curies":[{"name":"wp","href":"https:\/\/api.w.org\/{rel}","templated":true}]}}