{"id":2,"date":"2016-05-10T03:48:21","date_gmt":"2016-05-10T03:48:21","guid":{"rendered":"http:\/\/mgv-grosslangheim.de\/?page_id=2"},"modified":"2026-04-08T17:33:33","modified_gmt":"2026-04-08T17:33:33","slug":"sample-page","status":"publish","type":"page","link":"https:\/\/mgv-grosslangheim.de\/","title":{"rendered":"Servus"},"content":{"rendered":"\n<p class=\"has-vivid-red-color has-text-color\">________________________________________________________________________________________________________________<\/p>\n\n\n\n<h3 class=\"wp-block-heading\">Wir proben &#8211; flei\u00dfig&#8230;<\/h3>\n\n\n\n<p class=\"has-text-align-left\"><strong>LEGATO <\/strong>am Donnerstag, ab 19:00 Uhr &#8211; mit Rainer K. aus M. &#8211; sooo cool.<\/p>\n\n\n\n<p>die <strong>M\u00c4NNER <\/strong>am Freitag, ab 20:00 Uhr, mit Michel, wie immer klangvoll.<\/p>\n\n\n\n<p>Lets go Kinderchor 4.0. Ein <strong><a href=\"https:\/\/mgv-grosslangheim.de\/?page_id=114&amp;preview_id=114&amp;preview_nonce=7840582e1f&amp;preview=true\">Kinderchor <\/a><\/strong>f\u00fcr die kleinsten und Gro\u00dfen im Chor.  Mit Petra und Melina\u00b4s  bieten wir f\u00fcr alle Kinder von 4 bis 16 Jahren eine B\u00fchne f\u00fcr Neues, f\u00fcr Geistreiches und f\u00fcr Spa\u00df am Singen!  <\/p>\n\n\n\n<hr class=\"wp-block-separator has-css-opacity\"\/>\n\n\n\n<p class=\"has-text-align-left has-vivid-red-color has-text-color\"><strong>Herzlich Willkommen beim Gesangverein S\u00e4ngerlust aus Gro\u00dflangheim. <\/strong><\/p>\n\n\n\n<div class=\"wp-block-group\"><div class=\"wp-block-group__inner-container is-layout-flow wp-block-group-is-layout-flow\">\n<p><strong>Bilder <\/strong>sagen mehr als Tausend Wort&#8230;<\/p>\n\n\n\n<figure class=\"wp-block-image size-large\"><img loading=\"lazy\" decoding=\"async\" width=\"1024\" height=\"404\" src=\"https:\/\/mgv-grosslangheim.de\/wp-content\/uploads\/2023\/07\/GruppenfotoSee25Juni2023-1024x404.jpg\" alt=\"\" class=\"wp-image-938\" srcset=\"https:\/\/mgv-grosslangheim.de\/wp-content\/uploads\/2023\/07\/GruppenfotoSee25Juni2023-1024x404.jpg 1024w, https:\/\/mgv-grosslangheim.de\/wp-content\/uploads\/2023\/07\/GruppenfotoSee25Juni2023-300x118.jpg 300w, https:\/\/mgv-grosslangheim.de\/wp-content\/uploads\/2023\/07\/GruppenfotoSee25Juni2023-768x303.jpg 768w, https:\/\/mgv-grosslangheim.de\/wp-content\/uploads\/2023\/07\/GruppenfotoSee25Juni2023-1536x606.jpg 1536w, https:\/\/mgv-grosslangheim.de\/wp-content\/uploads\/2023\/07\/GruppenfotoSee25Juni2023-2048x808.jpg 2048w\" sizes=\"auto, (max-width: 1024px) 100vw, 1024px\" \/><\/figure>\n\n\n\n<p><\/p>\n\n\n\nngg_shortcode_0_placeholder\n\n\n\n<p class=\"has-drop-cap\">Seit 1912 hei\u00dft es schon &#8222;Wo man singt, lass dich nieder, b\u00f6se Menschen kennen keine Lieder&#8230;&#8220;. Und genau das machen wir, ob freitags im M\u00e4nnerchor oder am Donerstag im neuen gemischten Chor LEGATO &#8211; die Freude und Harmonie steht immer an erster Stelle. Fr\u00fch \u00fcbt sich, wer eine S\u00e4nger\/in werden will &#8211; darum sind wir ganz besonders stolz auf unseren Kinderchor &#8211; Freitag Mittag erklingen Tradition und Modern in unserer S\u00e4ngerstube im Schlosshof 13 Gro\u00dflangheim. <\/p>\n\n\n\n<p><a href=\"https:\/\/www.facebook.com\/mgv.saengerlust.7\">https:\/\/www.facebook.com\/mgv.saengerlust.7<\/a><\/p>\n\n\n\n<p>Gegr\u00fcndet wurde die \u201eS\u00e4ngerlust\u201c am 6. Juli 1912 von 50 sangesbegeisterten M\u00e4nnern. Erster Vorstand wurde Andreas Schmitt und zweiter Vorstand Lehrer Max. Sauer wurde erster Chorleiter. Gr\u00fcndungsort war das Gasthaus Baumann in Gro\u00dflangheim. Immerhin sangen damals schon 40 aktive M\u00e4nner, die Freude am gemeinsamen Singen fanden.<\/p>\n<p>Schon 1914 nahm man in Hohenfeld an einem S\u00e4ngerwettstreit teil und belegte den 3. Platz, was f\u00fcr den jungen Chor ein beachtlicher Erfolg war.<\/p>\n<p>Der 1. Weltkrieg unterbrach diese hoffnungsvolle Entwicklung des M\u00e4nnergesangsvereins und nach den Kriegsjahren begannen die \u00dcbriggebliebenen wieder mit den Singstunden.<\/p>\n<p>Dass man mit Tatkraft die Sache des Liedes und der Geselligkeit \u2013 letzterem hatte sich der Verein von Anfang an ebenfalls verschrieben \u2013 anging, zeigt das zehnj\u00e4hrige Vereinsjubil\u00e4um 1922, wo man sich trotz schwerer Inflationszeit eine Vereinsfahne f\u00fcr 11.000 Mark kaufte. Im Jubil\u00e4umsjahr musikzierten bereits 47 aktive S\u00e4nger, darunter ein betr\u00e4chtlicher Anteil Jugendlicher. Zur Fahnenweihe waren 40 Gesangvereine in Gro\u00dflangheim zu Gast.<\/p>\n<p>Seit 1926 geh\u00f6rt der M\u00e4nnergesangverein \u201eS\u00e4ngerlust\u201c dem deutschen S\u00e4ngerbund an.<\/p>\n<p>Als der erste Vorstand, Andreas Schmitt, verstarb, leiteten Johann Endres und Georg Sell einige Jahre den Verein. Nach ihnen kam bis 1934 ein Mann an die Spitze der S\u00e4ngerlust, der auch nach dem 2. Weltkrieg noch einmal die F\u00fchrungsposition \u00fcbernahm: Konrad Hartmann.<\/p>\n<p>Lehrer Sauer wurde nach Riedenheim versetzt, sein Nachfolger als Chorleiter wurde Emil Weth, der nicht nur rund ein Vierteljahrhundert dirigierte, sondern sich auch als Schriftf\u00fchrer und Kassier gro\u00dfe Verdienste um den Verein erwarb.<\/p>\n<p>Von 1935 bis 1946 stand Baptist Rickel dem Verein vor, unter seiner Regie wurde 1937 das 25-j\u00e4hrige Vereinsjubil\u00e4um mit dem Gruppens\u00e4ngerfest gefeiert. Leider fehlen zu diesen Festtagen die Unterlagen in der Chronik, da die entsprechenden Seiten aus den Jahren des \u201eTausendj\u00e4hrigen Reiches\u201c entfernt wurden.<\/p>\n<p>W\u00e4hrend des 2. Weltkrieges erstarb die T\u00e4tigkeit des Vereins. Erst am 7. April 1947 konnten die Gesangsproben wieder aufgenommen werden, auf Initiative von Baptist Rickel versammelten sich die S\u00e4nger wieder zu regelm\u00e4\u00dfigen Proben.<\/p>\n<p>Zun\u00e4chst leitete Konrad Hartmann den Chor und Karl K\u00f6stner wurde bis 1949 erster Vorsitzender, dann wurde Johann Weigand an die Spitze des Vereins gew\u00e4hlt.<\/p>\n<p>Beim Ehrenabend am 9. Januar 1949 wurden Baptist Rickel zum Ehrenvorsitzenden und Emil Weth zum Ehrenchorleiter ernannt. In dieser Zeit wurde auch ein gemischter Chor gegr\u00fcndet, der im Februar 1949 vom M\u00e4nnergesangverein \u00fcbernommen wurde. Geleitet wurde dieser von Oberlehrer Erwin Wei\u00dfenberger, der auch den M\u00e4nnerchor \u00fcbernahm, bis er 1951 aus beruflichen Gr\u00fcnden aus Gro\u00dflangheim weg ziehen musste.<\/p>\n<p>Emil Weth nahm bei den M\u00e4nnern wieder den Taktstock in die Hand und die \u201egemischte Abteilung\u201c leitete kurze Zeit Lehrer Ernst Frank, bis sogar ein Musikprofessor, Karl Lamatsch, gefunden wurde. In den Archiven findet sich dazu der beziehungsreiche Satz: \u201eDa\u00df ein Aneinanderfinden jedoch unm\u00f6glich erschien, entweder war der gemischte Chor der hohen Musikkunst nicht gewachsen oder durch das fremdartige Verhalten des Professors eine merkliche Tr\u00e4gheit aufgekommen.\u201c<\/p>\n<p>Nach ihm ging Hermann Vierhub-Lorenz ans Dirigentenpult, doch der gemischte Chor konnte sich nicht mehr lange halten.<\/p>\n<p>Nach dem Tod von Emil Weth fand der M\u00e4nnerchor in Lehrer Alois Worschech, der den Chor Ende 1951 \u00fcbernahm und bis zu seinem Tod 1970 leitete, einen konstanten Dirigenten. Unterst\u00fctzt wurde er durch Pianist Fritz G\u00fcnther.<\/p>\n<p>Von da an ging es mit der S\u00e4ngerlust wieder stetig aufw\u00e4rts und schon das 40 j\u00e4hrige Stiftungsfest 1952 war eines der gr\u00f6\u00dften Feste, das in den 50er Jahren in Gro\u00dflangheim gefeiert wurde. Die umfangreichen und \u00e4u\u00dferst gewissenhaften Aufzeichnungen des damaligen Schriftf\u00fchrers Friedrich Smolka belegen, dass sich sehr gro\u00dfe M\u00fchen bei den Vorbereitungen zu dem Jubil\u00e4um gemacht wurde, bei dem Landrat Oskar Schad Schirmherr war und das auf der \u201eSeilings-Wiese\u201c gefeiert wurde.<\/p>\n<p>\u00dcbrigens war zu dieser Zeit der damalige B\u00fcrgermeister des Marktes, Alois H\u00fcmmer, Vereinskassier. Johann Weigand stand von 1949 bis 1956 an der Vereinsspitze, danach f\u00fchrte wieder Konrad Hartmann die Geschicke des Vereins, er wurde aufgrund seiner Verdienste Ehrenvorstand.<\/p>\n<p>Von 1962 bis 1967 leitete Josef T\u00fcrke den Verein, den dann Robert Endres \u00fcbernahm.<\/p>\n<p>In den 60er Jahren nahm der M\u00e4nnergesangverein einen gro\u00dfen Aufschwung, als viele junge Leute zum Chor stie\u00dfen. Ehemalige Sch\u00fcler dem Lehrer Worschech schlossen sich den S\u00e4ngern an.&nbsp; Gro\u00dfe Verdienste bei der Werbung junger S\u00e4nger erwarb sich Robert Endres. Gerade dessen unerm\u00fcdliches Werben um Nachwuchs ist es zu verdanken, dass auch heute noch der Chor eine gro\u00dfe Schar von aktiven S\u00e4ngern aufweisen kann. Nach seinem R\u00fccktritt wurde Robert Endres 1990 zum Ehrenvorstand ernannt.<\/p>\n<p>Von 1970 bis 1983 dirigierte der sp\u00e4tere Ehrenchorleiter Oskar Zins die M\u00e4nner. Er konnte aufgrund seines musikalischen Wissens und seiner F\u00e4higkeiten das hohe Niveau des Chores halten.<\/p>\n<p>Seit 1983 steht in erster Reihe als Dirigent Winfried Worschech. Herr Worschech versteht es stets mit der richtigen Dosis an Ernst, Niveau und Witz den wilden Haufen der M\u00e4nnerlust zu H\u00f6chstleistungen zu bringen. Mit seiner einzigartigen, stets geduldigen Art schafft er es selbst die schwersten St\u00fccke wohlklingend aus unseren Kehlen zu entlocken. Ob historisches Liedgut oder moderner Pop, ein jedes Lied wird ein Meisterwerk.<\/p>\n<p>Dank der gro\u00dfz\u00fcgigen Zuwendung des Marktes Gro\u00dflangheim und dank zahlreicher Spenden von Vereinsmitgliedern und G\u00f6nnern war es m\u00f6glich, dass im Jubil\u00e4umsjahr 1987 ein neues Klavier angeschafft werden konnte.<\/p>\n<p>Das 75 j\u00e4hrige Stiftungsfest wurde am 20.und 21.Juni 1987 geb\u00fchrend gefeiert. Der Festgottesdienst fand in der Turnhalle statt. Wir gestalteten ihn mit Liedern aus der Deutschen Messe. Den Festzug bildeten 32 Vereine aus Nah und Fern.<\/p>\n<p>Ralf Weigand, sein Name ist Programm, \u00fcbernahm 1990 die F\u00fchrung des Vereins.<\/p>\n<p>Im November 2000 wurde der Kinderchor in den Verein aufgenommen. Frau Petra Sterk gr\u00fcndete den Kinderchor und betreut und leitet ihn bis heute.<\/p>\n<p>Der M\u00e4nnergesangverein \u201eS\u00e4ngerlust\u201c wurde im Jahre 2001 ins Vereinsregister eingetragen.<\/p>\n<p>Ein H\u00f6hepunkt war auch im Jahr 2001 die Fertigstellung und der Bezug des eigenen S\u00e4ngerheims in den W\u00e4nden der ehemaligen Synagoge und dem Feuerwehrhaus. Mit eigener H\u00e4nde Arbeit und Schwei\u00df wurde in vielen Stunden ein Schmuckst\u00fcck f\u00fcr&nbsp; alle aktiven und passiven, stets geselligen S\u00e4nger geschaffen, was keinen Vergleich im Landkreis scheuen muss.<\/p>\n<p>Am 29.und 30.Juni 2002 wurde das 90 j\u00e4hrigen Stiftungsfest gemeinsam mit dem Gruppens\u00e4ngerfest der S\u00e4ngergruppe Kitzingen gefeiert.<\/p>\n<p>Von 2005 bis 2008 war Josef T\u00fcrke der 1. Vorsitzende. Herr T\u00fcrke gestaltete in seiner Amtszeit mit neuen Wegen und modernen Sichtweisen den Verein weiterhin fit f\u00fcr die Zukunft.<\/p>\n<p>Seit 2007 verf\u00fcgt der MGV \u00fcber eine eigene Homepage, die sehr liebevoll und mit dem notwendigen Humor von Thomas Sterk erstellt wurde. Hier kann man weltweit und rund um die Uhr stets die aktuellen Themen, Termine und Bilder vom Verein begutachten, sich informieren.<\/p>\n<p>Seit dem Fr\u00fchjahr 2008 steht Ralf Weigand wieder als 1. Vorstand an der Spitze des Vereins. Unter seiner F\u00fchrung wuchs die Zahl der Mitglieder auf&nbsp; fast 500, dies schaffen nur sehr wenige Gesangvereine in Deutschland. Seiner einzigarten, sehr aktiven Art ist es unter anderem zu verdanken, dass der Verein heute da steht, wo er steht. Nicht nur seine einzigartige Tenorstimme, sondern auch seine Kunst f\u00fcr Rhetorik beschert ihm schon heute eine Endlosliste f\u00fcr gew\u00fcnschte Grab-, Geburtstags- und Vereinsreden.<\/p>\n<p>Im 10. Jahr des Kinderchores beeindruckten die Kinder 2011 auf zahlreichen Konzerten im Landkreis Kitzingen. Ob auf der Gartenschau oder im Kulturhaus in Gro\u00dflangheim, sangen sie mit ihren 40 aktiven Kindern stets Lieder auf H\u00f6chstniveau. Man muss schon lange suchen, um Vergleichbares zu finden.<\/p>\n<p>Seit 2011 ist der Rest des ehemaligen Etwash\u00e4user M\u00e4nnerchors fester Bestandteil der aktiven S\u00e4nger.&nbsp;<\/p>\n<p>Der M\u00e4nnergesangverein sowie der Kinderchor werden auch in Zukunft die Tradition pflegen, sowohl bei hohen Kirchenfesten den Gottesdienst feierlich zu gestalten, als auch bei gesellschaftlichen und Vereins-Familienfesten der Sangesbr\u00fcder feierlich zum Gelingen beizutragen. Der M\u00e4nnergesangverein ist aus dem Gemeindeleben einfach nicht mehr wegzudenken, ob an Dorfmeisterschaften im Fussball, beim B\u00fcrgerschie\u00dfen, als Veranstalter von Familienwandertagen, dem Krackenmarkt, als Musikbox an Wein- und Vereinsfesten&nbsp; oder als Veranstalter der traditionellen Sonnwendfeier bis hin zu grandiosen Vatertags- und Waldwanderungen pr\u00e4gt er doch stark das interne Bild des Ortes und tr\u00e4gt die W\u00f6rter Gesang und Gro\u00dflangheim weit \u00fcber die Landkreisgrenzen hinaus.<\/p>\n<p>So w\u00fcnschen wir dem Verein auch die n\u00e4chsten 100 Jahre die Energie, diesen Erfolg in gleicher Weise weiter zu f\u00fchren.<\/p>\n<\/div><\/div>\n\n\n\n<p>Stillstand ist R\u00fcckschritt, &#8230;der Weisheit unseres Ehrenvorstands,  Ralf Weigand ist es zu verdanken, dass 2018 ein Wechsel in der Vorstandschaft gew\u00e4hlt wurde. Mit Thomas Sterk, Petra Sterk und Felix Sterk versuchen wir als Dreispitz und Harmonisierung von M\u00e4nner, Frauen und Jugend die Zukunft des Vereins zu gestalten. Bestens unterst\u00fctzt vom Schriftf\u00fchrer Ernst Fuchs und dem Kassier Klaus Henke, tun wir alles m\u00f6gliche und manchmal das Unm\u00f6gliche um unsere Donnerstags und Fridays for Future zu behalten und zu gestalten.<\/p>\n\n\n\n<p>Im selben Jahr wurde der gemischte Chor LEGATO gegr\u00fcndet &#8211; ein Volltreffer &#8211; 30 singbegeisterte bereichern seitdem die Vielfalt des Vereins. Es war an der Zeit! <\/p>\n\n\n\n<p>Kein Fortschritt ohne Wandel, die neue Vorstandschaft seit 2022 hei\u00dfen Thomas Sterk (Vorstand), Christian Baumann (Stellvertretung), Klaus Henke (Kassier) und Erika Ritz (Schriftf\u00fchrerin).<\/p>\n","protected":false},"excerpt":{"rendered":"<p>________________________________________________________________________________________________________________ Wir proben &#8211; flei\u00dfig&#8230; LEGATO am Donnerstag, ab 19:00 Uhr &#8211; mit Rainer K. aus M. &#8211; sooo cool. die M\u00c4NNER am Freitag, ab 20:00 Uhr, mit Michel, wie immer klangvoll. Lets go Kinderchor 4.0. Ein Kinderchor f\u00fcr die kleinsten und Gro\u00dfen im Chor. Mit Petra und Melina\u00b4s bieten wir f\u00fcr alle Kinder von<\/p><\/div>\n<div class=\"blog-btn\"><a href=\"https:\/\/mgv-grosslangheim.de\/\" class=\"home-blog-btn\">Weiterlesen<\/a><\/p>\n","protected":false},"author":1,"featured_media":0,"parent":0,"menu_order":0,"comment_status":"closed","ping_status":"closed","template":"","meta":{"ngg_post_thumbnail":0,"footnotes":""},"class_list":["post-2","page","type-page","status-publish","hentry"],"_links":{"self":[{"href":"https:\/\/mgv-grosslangheim.de\/index.php?rest_route=\/wp\/v2\/pages\/2","targetHints":{"allow":["GET"]}}],"collection":[{"href":"https:\/\/mgv-grosslangheim.de\/index.php?rest_route=\/wp\/v2\/pages"}],"about":[{"href":"https:\/\/mgv-grosslangheim.de\/index.php?rest_route=\/wp\/v2\/types\/page"}],"author":[{"embeddable":true,"href":"https:\/\/mgv-grosslangheim.de\/index.php?rest_route=\/wp\/v2\/users\/1"}],"replies":[{"embeddable":true,"href":"https:\/\/mgv-grosslangheim.de\/index.php?rest_route=%2Fwp%2Fv2%2Fcomments&post=2"}],"version-history":[{"count":58,"href":"https:\/\/mgv-grosslangheim.de\/index.php?rest_route=\/wp\/v2\/pages\/2\/revisions"}],"predecessor-version":[{"id":1141,"href":"https:\/\/mgv-grosslangheim.de\/index.php?rest_route=\/wp\/v2\/pages\/2\/revisions\/1141"}],"wp:attachment":[{"href":"https:\/\/mgv-grosslangheim.de\/index.php?rest_route=%2Fwp%2Fv2%2Fmedia&parent=2"}],"curies":[{"name":"wp","href":"https:\/\/api.w.org\/{rel}","templated":true}]}}