{"id":116,"date":"2019-12-18T10:00:17","date_gmt":"2019-12-18T10:00:17","guid":{"rendered":"http:\/\/mgv-grosslangheim.de\/?page_id=116"},"modified":"2025-10-19T16:28:10","modified_gmt":"2025-10-19T16:28:10","slug":"legato","status":"publish","type":"page","link":"https:\/\/mgv-grosslangheim.de\/?page_id=116","title":{"rendered":"LEGATO"},"content":{"rendered":"\n<p>Singen verbindet &#8211; Mann mit Frau &#8211; Jugend mit Erfahrung &#8211; Leidenschaft mit Talent&#8230; so war es l\u00e4ngst \u00fcberf\u00e4llig, dass wir zum M\u00e4nnerchor auch eine Abteilung GEMISCHT er\u00f6ffnen. LEGATO, denn Singen verbindet.<\/p>\n\n\n\n<p class=\"has-text-align-center has-very-light-gray-color has-vivid-red-background-color has-text-color has-background has-normal-font-size\">Wir proben jeden Donnerstag ab 19:00 Uhr im Kulturhaus Gro\u00dflangheim &#8211; Schlo\u00dfhof 13<\/p>\n\n\n\n<figure class=\"wp-block-image size-large\"><img loading=\"lazy\" decoding=\"async\" width=\"1024\" height=\"404\" src=\"https:\/\/mgv-grosslangheim.de\/wp-content\/uploads\/2023\/07\/GruppenfotoSee25Juni2023-2-1024x404.jpg\" alt=\"\" class=\"wp-image-954\" srcset=\"https:\/\/mgv-grosslangheim.de\/wp-content\/uploads\/2023\/07\/GruppenfotoSee25Juni2023-2-1024x404.jpg 1024w, https:\/\/mgv-grosslangheim.de\/wp-content\/uploads\/2023\/07\/GruppenfotoSee25Juni2023-2-300x118.jpg 300w, https:\/\/mgv-grosslangheim.de\/wp-content\/uploads\/2023\/07\/GruppenfotoSee25Juni2023-2-768x303.jpg 768w, https:\/\/mgv-grosslangheim.de\/wp-content\/uploads\/2023\/07\/GruppenfotoSee25Juni2023-2-1536x606.jpg 1536w, https:\/\/mgv-grosslangheim.de\/wp-content\/uploads\/2023\/07\/GruppenfotoSee25Juni2023-2-2048x808.jpg 2048w\" sizes=\"auto, (max-width: 1024px) 100vw, 1024px\" \/><\/figure>\n\n\n\n<figure class=\"wp-block-image size-large\"><img loading=\"lazy\" decoding=\"async\" width=\"1024\" height=\"768\" src=\"https:\/\/mgv-grosslangheim.de\/wp-content\/uploads\/2023\/02\/IMG_3490_1-1024x768.jpg\" alt=\"\" class=\"wp-image-913\" srcset=\"https:\/\/mgv-grosslangheim.de\/wp-content\/uploads\/2023\/02\/IMG_3490_1-1024x768.jpg 1024w, https:\/\/mgv-grosslangheim.de\/wp-content\/uploads\/2023\/02\/IMG_3490_1-300x225.jpg 300w, https:\/\/mgv-grosslangheim.de\/wp-content\/uploads\/2023\/02\/IMG_3490_1-768x576.jpg 768w, https:\/\/mgv-grosslangheim.de\/wp-content\/uploads\/2023\/02\/IMG_3490_1-1536x1152.jpg 1536w, https:\/\/mgv-grosslangheim.de\/wp-content\/uploads\/2023\/02\/IMG_3490_1-2048x1536.jpg 2048w\" sizes=\"auto, (max-width: 1024px) 100vw, 1024px\" \/><figcaption class=\"wp-element-caption\">Jetzt neu und 4ever mit Rainer am Pult &#8211; super Sach! (Foto vom Adventskonzert\/-basar 2022) <\/figcaption><\/figure>\n\n\n\n<figure class=\"wp-block-image size-large is-style-rounded\"><img loading=\"lazy\" decoding=\"async\" width=\"1024\" height=\"683\" src=\"https:\/\/mgv-grosslangheim.de\/wp-content\/uploads\/2022\/07\/0K6A9617-1024x683.jpg\" alt=\"\" class=\"wp-image-848\" srcset=\"https:\/\/mgv-grosslangheim.de\/wp-content\/uploads\/2022\/07\/0K6A9617-1024x683.jpg 1024w, https:\/\/mgv-grosslangheim.de\/wp-content\/uploads\/2022\/07\/0K6A9617-300x200.jpg 300w, https:\/\/mgv-grosslangheim.de\/wp-content\/uploads\/2022\/07\/0K6A9617-768x512.jpg 768w, https:\/\/mgv-grosslangheim.de\/wp-content\/uploads\/2022\/07\/0K6A9617-1536x1024.jpg 1536w, https:\/\/mgv-grosslangheim.de\/wp-content\/uploads\/2022\/07\/0K6A9617-2048x1365.jpg 2048w\" sizes=\"auto, (max-width: 1024px) 100vw, 1024px\" \/><figcaption class=\"wp-element-caption\">Serenade am See. Juli 2022<\/figcaption><\/figure>\n\n\n\n<figure class=\"wp-block-image size-large is-style-rounded\"><img loading=\"lazy\" decoding=\"async\" width=\"1024\" height=\"683\" src=\"https:\/\/mgv-grosslangheim.de\/wp-content\/uploads\/2022\/07\/DSC_7808-1024x683.jpg\" alt=\"\" class=\"wp-image-849\" srcset=\"https:\/\/mgv-grosslangheim.de\/wp-content\/uploads\/2022\/07\/DSC_7808-1024x683.jpg 1024w, https:\/\/mgv-grosslangheim.de\/wp-content\/uploads\/2022\/07\/DSC_7808-300x200.jpg 300w, https:\/\/mgv-grosslangheim.de\/wp-content\/uploads\/2022\/07\/DSC_7808-768x512.jpg 768w, https:\/\/mgv-grosslangheim.de\/wp-content\/uploads\/2022\/07\/DSC_7808-1536x1024.jpg 1536w, https:\/\/mgv-grosslangheim.de\/wp-content\/uploads\/2022\/07\/DSC_7808-2048x1365.jpg 2048w\" sizes=\"auto, (max-width: 1024px) 100vw, 1024px\" \/><\/figure>\n\n\n\n<p class=\"has-very-dark-gray-color has-luminous-vivid-amber-background-color has-text-color has-background\">Letzte Probe mit Florentine &#8211; unsere Gr\u00fcndungsdirigentin &#8211; <br>best ever! Ja, so ist es leider, am 1. August 2020, nach fast 2,5 Jahren mussten wir unsere Florentine verabschieden, sie verl\u00e4sst uns nach Berlin &#8211; mit BAFF geht sie neue Wege. <\/p>\n\n\n\n<figure class=\"wp-block-gallery has-nested-images columns-default is-cropped wp-block-gallery-1 is-layout-flex wp-block-gallery-is-layout-flex\">\n<figure class=\"wp-block-image size-large\"><img loading=\"lazy\" decoding=\"async\" width=\"486\" height=\"1024\" data-id=\"660\" src=\"https:\/\/mgv-grosslangheim.de\/wp-content\/uploads\/2020\/08\/DSC_3966-486x1024.jpg\" alt=\"\" class=\"wp-image-660\" srcset=\"https:\/\/mgv-grosslangheim.de\/wp-content\/uploads\/2020\/08\/DSC_3966-486x1024.jpg 486w, https:\/\/mgv-grosslangheim.de\/wp-content\/uploads\/2020\/08\/DSC_3966-143x300.jpg 143w, https:\/\/mgv-grosslangheim.de\/wp-content\/uploads\/2020\/08\/DSC_3966-768x1617.jpg 768w, https:\/\/mgv-grosslangheim.de\/wp-content\/uploads\/2020\/08\/DSC_3966-730x1536.jpg 730w, https:\/\/mgv-grosslangheim.de\/wp-content\/uploads\/2020\/08\/DSC_3966-973x2048.jpg 973w, https:\/\/mgv-grosslangheim.de\/wp-content\/uploads\/2020\/08\/DSC_3966-scaled.jpg 1216w\" sizes=\"auto, (max-width: 486px) 100vw, 486px\" \/><\/figure>\n\n\n\n<figure class=\"wp-block-image size-large\"><img loading=\"lazy\" decoding=\"async\" width=\"681\" height=\"1024\" data-id=\"661\" src=\"https:\/\/mgv-grosslangheim.de\/wp-content\/uploads\/2020\/08\/DSC_3971-681x1024.jpg\" alt=\"\" class=\"wp-image-661\" srcset=\"https:\/\/mgv-grosslangheim.de\/wp-content\/uploads\/2020\/08\/DSC_3971-681x1024.jpg 681w, https:\/\/mgv-grosslangheim.de\/wp-content\/uploads\/2020\/08\/DSC_3971-200x300.jpg 200w, https:\/\/mgv-grosslangheim.de\/wp-content\/uploads\/2020\/08\/DSC_3971-768x1155.jpg 768w, https:\/\/mgv-grosslangheim.de\/wp-content\/uploads\/2020\/08\/DSC_3971-1022x1536.jpg 1022w, https:\/\/mgv-grosslangheim.de\/wp-content\/uploads\/2020\/08\/DSC_3971-1362x2048.jpg 1362w, https:\/\/mgv-grosslangheim.de\/wp-content\/uploads\/2020\/08\/DSC_3971-scaled.jpg 1703w\" sizes=\"auto, (max-width: 681px) 100vw, 681px\" \/><\/figure>\n\n\n\n<figure class=\"wp-block-image size-large\"><img loading=\"lazy\" decoding=\"async\" width=\"1024\" height=\"683\" data-id=\"662\" src=\"https:\/\/mgv-grosslangheim.de\/wp-content\/uploads\/2020\/08\/DSC_3973-1024x683.jpg\" alt=\"\" class=\"wp-image-662\" srcset=\"https:\/\/mgv-grosslangheim.de\/wp-content\/uploads\/2020\/08\/DSC_3973-1024x683.jpg 1024w, https:\/\/mgv-grosslangheim.de\/wp-content\/uploads\/2020\/08\/DSC_3973-300x200.jpg 300w, https:\/\/mgv-grosslangheim.de\/wp-content\/uploads\/2020\/08\/DSC_3973-768x512.jpg 768w, https:\/\/mgv-grosslangheim.de\/wp-content\/uploads\/2020\/08\/DSC_3973-1536x1025.jpg 1536w, https:\/\/mgv-grosslangheim.de\/wp-content\/uploads\/2020\/08\/DSC_3973-2048x1367.jpg 2048w\" sizes=\"auto, (max-width: 1024px) 100vw, 1024px\" \/><\/figure>\n\n\n\n<figure class=\"wp-block-image size-large\"><img loading=\"lazy\" decoding=\"async\" width=\"1024\" height=\"683\" data-id=\"663\" src=\"https:\/\/mgv-grosslangheim.de\/wp-content\/uploads\/2020\/08\/DSC_3974-1024x683.jpg\" alt=\"\" class=\"wp-image-663\" srcset=\"https:\/\/mgv-grosslangheim.de\/wp-content\/uploads\/2020\/08\/DSC_3974-1024x683.jpg 1024w, https:\/\/mgv-grosslangheim.de\/wp-content\/uploads\/2020\/08\/DSC_3974-300x200.jpg 300w, https:\/\/mgv-grosslangheim.de\/wp-content\/uploads\/2020\/08\/DSC_3974-768x512.jpg 768w, https:\/\/mgv-grosslangheim.de\/wp-content\/uploads\/2020\/08\/DSC_3974-1536x1025.jpg 1536w, https:\/\/mgv-grosslangheim.de\/wp-content\/uploads\/2020\/08\/DSC_3974-2048x1367.jpg 2048w\" sizes=\"auto, (max-width: 1024px) 100vw, 1024px\" \/><\/figure>\n\n\n\n<figure class=\"wp-block-image size-large\"><img loading=\"lazy\" decoding=\"async\" width=\"1024\" height=\"683\" data-id=\"664\" src=\"https:\/\/mgv-grosslangheim.de\/wp-content\/uploads\/2020\/08\/DSC_3977-1024x683.jpg\" alt=\"\" class=\"wp-image-664\" srcset=\"https:\/\/mgv-grosslangheim.de\/wp-content\/uploads\/2020\/08\/DSC_3977-1024x683.jpg 1024w, https:\/\/mgv-grosslangheim.de\/wp-content\/uploads\/2020\/08\/DSC_3977-300x200.jpg 300w, https:\/\/mgv-grosslangheim.de\/wp-content\/uploads\/2020\/08\/DSC_3977-768x512.jpg 768w, https:\/\/mgv-grosslangheim.de\/wp-content\/uploads\/2020\/08\/DSC_3977-1536x1025.jpg 1536w, https:\/\/mgv-grosslangheim.de\/wp-content\/uploads\/2020\/08\/DSC_3977-2048x1367.jpg 2048w\" sizes=\"auto, (max-width: 1024px) 100vw, 1024px\" \/><\/figure>\n\n\n\n<figure class=\"wp-block-image size-large\"><img loading=\"lazy\" decoding=\"async\" width=\"1024\" height=\"683\" data-id=\"665\" src=\"https:\/\/mgv-grosslangheim.de\/wp-content\/uploads\/2020\/08\/DSC_3978-1024x683.jpg\" alt=\"\" class=\"wp-image-665\" srcset=\"https:\/\/mgv-grosslangheim.de\/wp-content\/uploads\/2020\/08\/DSC_3978-1024x683.jpg 1024w, https:\/\/mgv-grosslangheim.de\/wp-content\/uploads\/2020\/08\/DSC_3978-300x200.jpg 300w, https:\/\/mgv-grosslangheim.de\/wp-content\/uploads\/2020\/08\/DSC_3978-768x512.jpg 768w, https:\/\/mgv-grosslangheim.de\/wp-content\/uploads\/2020\/08\/DSC_3978-1536x1025.jpg 1536w, https:\/\/mgv-grosslangheim.de\/wp-content\/uploads\/2020\/08\/DSC_3978-2048x1367.jpg 2048w\" sizes=\"auto, (max-width: 1024px) 100vw, 1024px\" \/><\/figure>\n\n\n\n<figure class=\"wp-block-image size-large\"><img loading=\"lazy\" decoding=\"async\" width=\"1024\" height=\"683\" data-id=\"666\" src=\"https:\/\/mgv-grosslangheim.de\/wp-content\/uploads\/2020\/08\/DSC_3980-1024x683.jpg\" alt=\"\" class=\"wp-image-666\" srcset=\"https:\/\/mgv-grosslangheim.de\/wp-content\/uploads\/2020\/08\/DSC_3980-1024x683.jpg 1024w, https:\/\/mgv-grosslangheim.de\/wp-content\/uploads\/2020\/08\/DSC_3980-300x200.jpg 300w, https:\/\/mgv-grosslangheim.de\/wp-content\/uploads\/2020\/08\/DSC_3980-768x512.jpg 768w, https:\/\/mgv-grosslangheim.de\/wp-content\/uploads\/2020\/08\/DSC_3980-1536x1025.jpg 1536w, https:\/\/mgv-grosslangheim.de\/wp-content\/uploads\/2020\/08\/DSC_3980-2048x1367.jpg 2048w\" sizes=\"auto, (max-width: 1024px) 100vw, 1024px\" \/><\/figure>\n\n\n\n<figure class=\"wp-block-image size-large\"><img loading=\"lazy\" decoding=\"async\" width=\"1024\" height=\"683\" data-id=\"667\" src=\"https:\/\/mgv-grosslangheim.de\/wp-content\/uploads\/2020\/08\/DSC_3984-1024x683.jpg\" alt=\"\" class=\"wp-image-667\" srcset=\"https:\/\/mgv-grosslangheim.de\/wp-content\/uploads\/2020\/08\/DSC_3984-1024x683.jpg 1024w, https:\/\/mgv-grosslangheim.de\/wp-content\/uploads\/2020\/08\/DSC_3984-300x200.jpg 300w, https:\/\/mgv-grosslangheim.de\/wp-content\/uploads\/2020\/08\/DSC_3984-768x512.jpg 768w, https:\/\/mgv-grosslangheim.de\/wp-content\/uploads\/2020\/08\/DSC_3984-1536x1025.jpg 1536w, https:\/\/mgv-grosslangheim.de\/wp-content\/uploads\/2020\/08\/DSC_3984-2048x1367.jpg 2048w\" sizes=\"auto, (max-width: 1024px) 100vw, 1024px\" \/><\/figure>\n\n\n\n<figure class=\"wp-block-image size-large\"><img loading=\"lazy\" decoding=\"async\" width=\"1024\" height=\"683\" data-id=\"668\" src=\"https:\/\/mgv-grosslangheim.de\/wp-content\/uploads\/2020\/08\/DSC_3989-1024x683.jpg\" alt=\"\" class=\"wp-image-668\" srcset=\"https:\/\/mgv-grosslangheim.de\/wp-content\/uploads\/2020\/08\/DSC_3989-1024x683.jpg 1024w, https:\/\/mgv-grosslangheim.de\/wp-content\/uploads\/2020\/08\/DSC_3989-300x200.jpg 300w, https:\/\/mgv-grosslangheim.de\/wp-content\/uploads\/2020\/08\/DSC_3989-768x512.jpg 768w, https:\/\/mgv-grosslangheim.de\/wp-content\/uploads\/2020\/08\/DSC_3989-1536x1025.jpg 1536w, https:\/\/mgv-grosslangheim.de\/wp-content\/uploads\/2020\/08\/DSC_3989-2048x1367.jpg 2048w\" sizes=\"auto, (max-width: 1024px) 100vw, 1024px\" \/><\/figure>\n\n\n\n<figure class=\"wp-block-image size-large\"><img loading=\"lazy\" decoding=\"async\" width=\"1024\" height=\"683\" data-id=\"669\" src=\"https:\/\/mgv-grosslangheim.de\/wp-content\/uploads\/2020\/08\/DSC_3994-1024x683.jpg\" alt=\"\" class=\"wp-image-669\" srcset=\"https:\/\/mgv-grosslangheim.de\/wp-content\/uploads\/2020\/08\/DSC_3994-1024x683.jpg 1024w, https:\/\/mgv-grosslangheim.de\/wp-content\/uploads\/2020\/08\/DSC_3994-300x200.jpg 300w, https:\/\/mgv-grosslangheim.de\/wp-content\/uploads\/2020\/08\/DSC_3994-768x512.jpg 768w, https:\/\/mgv-grosslangheim.de\/wp-content\/uploads\/2020\/08\/DSC_3994-1536x1025.jpg 1536w, https:\/\/mgv-grosslangheim.de\/wp-content\/uploads\/2020\/08\/DSC_3994-2048x1367.jpg 2048w\" sizes=\"auto, (max-width: 1024px) 100vw, 1024px\" \/><\/figure>\n\n\n\n<figure class=\"wp-block-image size-large\"><img loading=\"lazy\" decoding=\"async\" width=\"722\" height=\"1024\" data-id=\"670\" src=\"https:\/\/mgv-grosslangheim.de\/wp-content\/uploads\/2020\/08\/DSC_4014-722x1024.jpg\" alt=\"\" class=\"wp-image-670\" srcset=\"https:\/\/mgv-grosslangheim.de\/wp-content\/uploads\/2020\/08\/DSC_4014-722x1024.jpg 722w, https:\/\/mgv-grosslangheim.de\/wp-content\/uploads\/2020\/08\/DSC_4014-211x300.jpg 211w, https:\/\/mgv-grosslangheim.de\/wp-content\/uploads\/2020\/08\/DSC_4014-768x1090.jpg 768w, https:\/\/mgv-grosslangheim.de\/wp-content\/uploads\/2020\/08\/DSC_4014-1082x1536.jpg 1082w, https:\/\/mgv-grosslangheim.de\/wp-content\/uploads\/2020\/08\/DSC_4014-1443x2048.jpg 1443w, https:\/\/mgv-grosslangheim.de\/wp-content\/uploads\/2020\/08\/DSC_4014-scaled.jpg 1804w\" sizes=\"auto, (max-width: 722px) 100vw, 722px\" \/><\/figure>\n\n\n\n<figure class=\"wp-block-image size-large\"><img loading=\"lazy\" decoding=\"async\" width=\"773\" height=\"1024\" data-id=\"671\" src=\"https:\/\/mgv-grosslangheim.de\/wp-content\/uploads\/2020\/08\/DSC_4021-773x1024.jpg\" alt=\"\" class=\"wp-image-671\" srcset=\"https:\/\/mgv-grosslangheim.de\/wp-content\/uploads\/2020\/08\/DSC_4021-773x1024.jpg 773w, https:\/\/mgv-grosslangheim.de\/wp-content\/uploads\/2020\/08\/DSC_4021-227x300.jpg 227w, https:\/\/mgv-grosslangheim.de\/wp-content\/uploads\/2020\/08\/DSC_4021-768x1017.jpg 768w, https:\/\/mgv-grosslangheim.de\/wp-content\/uploads\/2020\/08\/DSC_4021-1160x1536.jpg 1160w, https:\/\/mgv-grosslangheim.de\/wp-content\/uploads\/2020\/08\/DSC_4021-1547x2048.jpg 1547w, https:\/\/mgv-grosslangheim.de\/wp-content\/uploads\/2020\/08\/DSC_4021-scaled.jpg 1933w\" sizes=\"auto, (max-width: 773px) 100vw, 773px\" \/><\/figure>\n\n\n\n<figure class=\"wp-block-image size-large\"><img loading=\"lazy\" decoding=\"async\" width=\"543\" height=\"1024\" data-id=\"672\" src=\"https:\/\/mgv-grosslangheim.de\/wp-content\/uploads\/2020\/08\/DSC_4022-543x1024.jpg\" alt=\"\" class=\"wp-image-672\" srcset=\"https:\/\/mgv-grosslangheim.de\/wp-content\/uploads\/2020\/08\/DSC_4022-543x1024.jpg 543w, https:\/\/mgv-grosslangheim.de\/wp-content\/uploads\/2020\/08\/DSC_4022-159x300.jpg 159w, https:\/\/mgv-grosslangheim.de\/wp-content\/uploads\/2020\/08\/DSC_4022-768x1448.jpg 768w, https:\/\/mgv-grosslangheim.de\/wp-content\/uploads\/2020\/08\/DSC_4022-815x1536.jpg 815w, https:\/\/mgv-grosslangheim.de\/wp-content\/uploads\/2020\/08\/DSC_4022-1087x2048.jpg 1087w, https:\/\/mgv-grosslangheim.de\/wp-content\/uploads\/2020\/08\/DSC_4022-scaled.jpg 1358w\" sizes=\"auto, (max-width: 543px) 100vw, 543px\" \/><\/figure>\n\n\n\n<figure class=\"wp-block-image size-large\"><img loading=\"lazy\" decoding=\"async\" width=\"485\" height=\"1024\" data-id=\"673\" src=\"https:\/\/mgv-grosslangheim.de\/wp-content\/uploads\/2020\/08\/DSC_4024-485x1024.jpg\" alt=\"\" class=\"wp-image-673\" srcset=\"https:\/\/mgv-grosslangheim.de\/wp-content\/uploads\/2020\/08\/DSC_4024-485x1024.jpg 485w, https:\/\/mgv-grosslangheim.de\/wp-content\/uploads\/2020\/08\/DSC_4024-142x300.jpg 142w, https:\/\/mgv-grosslangheim.de\/wp-content\/uploads\/2020\/08\/DSC_4024-768x1620.jpg 768w, https:\/\/mgv-grosslangheim.de\/wp-content\/uploads\/2020\/08\/DSC_4024-728x1536.jpg 728w, https:\/\/mgv-grosslangheim.de\/wp-content\/uploads\/2020\/08\/DSC_4024.jpg 943w\" sizes=\"auto, (max-width: 485px) 100vw, 485px\" \/><\/figure>\n\n\n\n<figure class=\"wp-block-image size-large\"><img loading=\"lazy\" decoding=\"async\" width=\"1024\" height=\"768\" data-id=\"674\" src=\"https:\/\/mgv-grosslangheim.de\/wp-content\/uploads\/2020\/08\/IMG_6842-1024x768.jpeg\" alt=\"\" class=\"wp-image-674\" srcset=\"https:\/\/mgv-grosslangheim.de\/wp-content\/uploads\/2020\/08\/IMG_6842-1024x768.jpeg 1024w, https:\/\/mgv-grosslangheim.de\/wp-content\/uploads\/2020\/08\/IMG_6842-300x225.jpeg 300w, https:\/\/mgv-grosslangheim.de\/wp-content\/uploads\/2020\/08\/IMG_6842-768x576.jpeg 768w, https:\/\/mgv-grosslangheim.de\/wp-content\/uploads\/2020\/08\/IMG_6842-1536x1152.jpeg 1536w, https:\/\/mgv-grosslangheim.de\/wp-content\/uploads\/2020\/08\/IMG_6842-2048x1536.jpeg 2048w\" sizes=\"auto, (max-width: 1024px) 100vw, 1024px\" \/><\/figure>\n\n\n\n<figure class=\"wp-block-image size-large\"><img loading=\"lazy\" decoding=\"async\" width=\"1024\" height=\"768\" data-id=\"675\" src=\"https:\/\/mgv-grosslangheim.de\/wp-content\/uploads\/2020\/08\/IMG_6843-1024x768.jpeg\" alt=\"\" class=\"wp-image-675\" srcset=\"https:\/\/mgv-grosslangheim.de\/wp-content\/uploads\/2020\/08\/IMG_6843-1024x768.jpeg 1024w, https:\/\/mgv-grosslangheim.de\/wp-content\/uploads\/2020\/08\/IMG_6843-300x225.jpeg 300w, https:\/\/mgv-grosslangheim.de\/wp-content\/uploads\/2020\/08\/IMG_6843-768x576.jpeg 768w, https:\/\/mgv-grosslangheim.de\/wp-content\/uploads\/2020\/08\/IMG_6843-1536x1152.jpeg 1536w, https:\/\/mgv-grosslangheim.de\/wp-content\/uploads\/2020\/08\/IMG_6843-2048x1536.jpeg 2048w\" sizes=\"auto, (max-width: 1024px) 100vw, 1024px\" \/><\/figure>\n<figcaption class=\"blocks-gallery-caption wp-element-caption\">Letzte Florentine-LEGATO Probe.<\/figcaption><\/figure>\n\n\n\n<p>Schau doch mal, jetzt <strong>neu<\/strong>, &#8230; Singen f\u00fcr <strong><em>dUmMiEs<\/em><\/strong>&#8230;gleich nach den Fotos&#8230;.<\/p>\n\n\n\n<p><a href=\"https:\/\/www.facebook.com\/legato.jazz.popchor\">https:\/\/www.facebook.com\/legato.jazz.popchor<\/a><\/p>\n\n\n\n<div class=\"wp-block-cover\" style=\"min-height:174px;aspect-ratio:unset;\"><img loading=\"lazy\" decoding=\"async\" width=\"2560\" height=\"807\" class=\"wp-block-cover__image-background wp-image-445\" alt=\"\" src=\"https:\/\/mgv-grosslangheim.de\/wp-content\/uploads\/2019\/12\/DSC_2525-1-scaled.jpg\" data-object-fit=\"cover\" srcset=\"https:\/\/mgv-grosslangheim.de\/wp-content\/uploads\/2019\/12\/DSC_2525-1-scaled.jpg 2560w, https:\/\/mgv-grosslangheim.de\/wp-content\/uploads\/2019\/12\/DSC_2525-1-300x95.jpg 300w, https:\/\/mgv-grosslangheim.de\/wp-content\/uploads\/2019\/12\/DSC_2525-1-1024x323.jpg 1024w, https:\/\/mgv-grosslangheim.de\/wp-content\/uploads\/2019\/12\/DSC_2525-1-768x242.jpg 768w, https:\/\/mgv-grosslangheim.de\/wp-content\/uploads\/2019\/12\/DSC_2525-1-1536x484.jpg 1536w, https:\/\/mgv-grosslangheim.de\/wp-content\/uploads\/2019\/12\/DSC_2525-1-2048x646.jpg 2048w\" sizes=\"auto, (max-width: 2560px) 100vw, 2560px\" \/><span aria-hidden=\"true\" class=\"wp-block-cover__background has-background-dim\"><\/span><div class=\"wp-block-cover__inner-container is-layout-flow wp-block-cover-is-layout-flow\">\n<p class=\"has-text-align-center has-large-font-size\">L E G A T O<\/p>\n<\/div><\/div>\n\n\n\nngg_shortcode_0_placeholder\n\n\n\n<p><strong>Manchmal muss es auch etwas Theorie sein&#8230; zieh\u00b4s dir rein!<\/strong><\/p>\n\n\n\n<p>Lektion 1: Was ist Sprechen und was ist Singen: <\/p>\n\n\n\n<figure class=\"wp-block-audio\"><audio controls src=\"https:\/\/mgv-grosslangheim.de\/wp-content\/uploads\/2020\/03\/Lektion-1_AUDIO-2020-03-20-18-38-49.mp3\"><\/audio><\/figure>\n\n\n\n<p>Lektion 2: Dein K\u00f6rper, deine Stimme, deine Entscheidung<\/p>\n\n\n\n<figure class=\"wp-block-audio\"><audio controls src=\"https:\/\/mgv-grosslangheim.de\/wp-content\/uploads\/2020\/03\/Lektion-2_AUDIO-2020-03-22-14-29-50.mp3\"><\/audio><\/figure>\n\n\n\n\n","protected":false},"excerpt":{"rendered":"<p>Singen verbindet &#8211; Mann mit Frau &#8211; Jugend mit Erfahrung &#8211; Leidenschaft mit Talent&#8230; so war es l\u00e4ngst \u00fcberf\u00e4llig, dass wir zum M\u00e4nnerchor auch eine Abteilung GEMISCHT er\u00f6ffnen. LEGATO, denn Singen verbindet. Wir proben jeden Donnerstag ab 19:00 Uhr im Kulturhaus Gro\u00dflangheim &#8211; Schlo\u00dfhof 13 Letzte Probe mit Florentine &#8211; unsere Gr\u00fcndungsdirigentin &#8211; best ever!<\/p><\/div>\n<div class=\"blog-btn\"><a href=\"https:\/\/mgv-grosslangheim.de\/?page_id=116\" class=\"home-blog-btn\">Weiterlesen<\/a><\/p>\n","protected":false},"author":1,"featured_media":0,"parent":0,"menu_order":0,"comment_status":"open","ping_status":"closed","template":"","meta":{"ngg_post_thumbnail":0,"footnotes":""},"class_list":["post-116","page","type-page","status-publish","hentry"],"_links":{"self":[{"href":"https:\/\/mgv-grosslangheim.de\/index.php?rest_route=\/wp\/v2\/pages\/116","targetHints":{"allow":["GET"]}}],"collection":[{"href":"https:\/\/mgv-grosslangheim.de\/index.php?rest_route=\/wp\/v2\/pages"}],"about":[{"href":"https:\/\/mgv-grosslangheim.de\/index.php?rest_route=\/wp\/v2\/types\/page"}],"author":[{"embeddable":true,"href":"https:\/\/mgv-grosslangheim.de\/index.php?rest_route=\/wp\/v2\/users\/1"}],"replies":[{"embeddable":true,"href":"https:\/\/mgv-grosslangheim.de\/index.php?rest_route=%2Fwp%2Fv2%2Fcomments&post=116"}],"version-history":[{"count":21,"href":"https:\/\/mgv-grosslangheim.de\/index.php?rest_route=\/wp\/v2\/pages\/116\/revisions"}],"predecessor-version":[{"id":1098,"href":"https:\/\/mgv-grosslangheim.de\/index.php?rest_route=\/wp\/v2\/pages\/116\/revisions\/1098"}],"wp:attachment":[{"href":"https:\/\/mgv-grosslangheim.de\/index.php?rest_route=%2Fwp%2Fv2%2Fmedia&parent=116"}],"curies":[{"name":"wp","href":"https:\/\/api.w.org\/{rel}","templated":true}]}}