{"id":114,"date":"2019-12-18T10:09:56","date_gmt":"2019-12-18T10:09:56","guid":{"rendered":"http:\/\/mgv-grosslangheim.de\/?page_id=114"},"modified":"2026-04-08T17:30:02","modified_gmt":"2026-04-08T17:30:02","slug":"kinderchor","status":"publish","type":"page","link":"https:\/\/mgv-grosslangheim.de\/?page_id=114","title":{"rendered":"Kids&#038;Teens"},"content":{"rendered":"\n<p><strong>Was besseres kannst du deinem Kind nicht g\u00f6nnen! Freitags zum Chor, was f\u00fcrs Hirn und f\u00fcr Ohr. <\/strong><\/p>\n\n\n\n<p><a href=\"http:\/\/www.kinderchor.de\" data-type=\"link\" data-id=\"www.kinderchor.de\">Wir Kids, werden fl\u00fcgge und wollen fliegen, &#8230; hier unsere ONLY KIDS Seite, .. noch besser, noch mehr NEWS&#8230;.LINK&#8230;<\/a><\/p>\n\n\n\n<hr class=\"wp-block-separator has-css-opacity\"\/>\n\n\n\n<p class=\"has-black-color has-text-color\">Das Beste was einem Kind passieren kann ist, dass es singt! Liebe Kinder, liebe Eltern, Singen ist f\u00fcr die Entwicklung des kindlichen Gehirns am Besten. <\/p>\n\n\n\n<p>Singen f\u00f6rdert eine gesunde psychische, physische und soziale Entwicklung von Kindern<\/p>\n\n\n\n<p>Viel singende Kinder sind h\u00e4ufiger ihrem Alter entsprechend regelschulf\u00e4hig als weniger singende Kinder.<\/p>\n\n\n\n<p>Dabei liegen die Entwicklungsvorteile von viel singenden Kindern vor allem in<br> \u2013 ihrer Sprachentwicklung<br> \u2013 ihrer kognitiven Entwicklung<br> \u2013 ihrer koordinativen Entwicklung<br> \u2013 ihrem emotionalen Verhalten und<br> \u2013 tendenziell im positiven Einfluss des Singens auf ihre k\u00f6rperliche Gesundheit insgesamt.<\/p>\n\n\n\n<p class=\"has-vivid-red-color has-text-color\"><strong>&#8230; und wir haben auch noch Spa\u00df dabei \ud83d\ude42 <\/strong><\/p>\n\n\n","protected":false},"excerpt":{"rendered":"<p>Was besseres kannst du deinem Kind nicht g\u00f6nnen! Freitags zum Chor, was f\u00fcrs Hirn und f\u00fcr Ohr. Wir Kids, werden fl\u00fcgge und wollen fliegen, &#8230; hier unsere ONLY KIDS Seite, .. noch besser, noch mehr NEWS&#8230;.LINK&#8230; Das Beste was einem Kind passieren kann ist, dass es singt! Liebe Kinder, liebe Eltern, Singen ist f\u00fcr die<\/p><\/div>\n<div class=\"blog-btn\"><a href=\"https:\/\/mgv-grosslangheim.de\/?page_id=114\" class=\"home-blog-btn\">Weiterlesen<\/a><\/p>\n","protected":false},"author":1,"featured_media":0,"parent":0,"menu_order":0,"comment_status":"closed","ping_status":"closed","template":"","meta":{"ngg_post_thumbnail":0,"footnotes":""},"class_list":["post-114","page","type-page","status-publish","hentry"],"_links":{"self":[{"href":"https:\/\/mgv-grosslangheim.de\/index.php?rest_route=\/wp\/v2\/pages\/114","targetHints":{"allow":["GET"]}}],"collection":[{"href":"https:\/\/mgv-grosslangheim.de\/index.php?rest_route=\/wp\/v2\/pages"}],"about":[{"href":"https:\/\/mgv-grosslangheim.de\/index.php?rest_route=\/wp\/v2\/types\/page"}],"author":[{"embeddable":true,"href":"https:\/\/mgv-grosslangheim.de\/index.php?rest_route=\/wp\/v2\/users\/1"}],"replies":[{"embeddable":true,"href":"https:\/\/mgv-grosslangheim.de\/index.php?rest_route=%2Fwp%2Fv2%2Fcomments&post=114"}],"version-history":[{"count":22,"href":"https:\/\/mgv-grosslangheim.de\/index.php?rest_route=\/wp\/v2\/pages\/114\/revisions"}],"predecessor-version":[{"id":1138,"href":"https:\/\/mgv-grosslangheim.de\/index.php?rest_route=\/wp\/v2\/pages\/114\/revisions\/1138"}],"wp:attachment":[{"href":"https:\/\/mgv-grosslangheim.de\/index.php?rest_route=%2Fwp%2Fv2%2Fmedia&parent=114"}],"curies":[{"name":"wp","href":"https:\/\/api.w.org\/{rel}","templated":true}]}}